{"id":1404,"date":"2019-03-31T13:17:57","date_gmt":"2019-03-31T12:17:57","guid":{"rendered":"http:\/\/www.bcmtrade.rs\/19\/?page_id=1404"},"modified":"2026-04-24T14:48:54","modified_gmt":"2026-04-24T13:48:54","slug":"purchase-of-agricultural-products","status":"publish","type":"page","link":"https:\/\/www.bcmtrade.rs\/19\/en\/purchase-of-agricultural-products\/","title":{"rendered":"Purchase of agricultural products"},"content":{"rendered":"<div data-elementor-type=\"wp-post\" data-elementor-id=\"1404\" class=\"elementor elementor-1404\">\n\t\t\t\t\t\t<section class=\"elementor-section elementor-top-section elementor-element elementor-element-f63f096 elementor-section-stretched elementor-section-boxed elementor-section-height-default elementor-section-height-default\" data-id=\"f63f096\" data-element_type=\"section\" data-e-type=\"section\" data-settings=\"{&quot;stretch_section&quot;:&quot;section-stretched&quot;,&quot;background_background&quot;:&quot;classic&quot;}\">\n\t\t\t\t\t\t<div class=\"elementor-container elementor-column-gap-default\">\n\t\t\t\t\t<div class=\"elementor-column elementor-col-50 elementor-top-column elementor-element elementor-element-04db1a7\" data-id=\"04db1a7\" data-element_type=\"column\" data-e-type=\"column\" data-settings=\"{&quot;background_background&quot;:&quot;classic&quot;}\">\n\t\t\t<div class=\"elementor-widget-wrap elementor-element-populated\">\n\t\t\t\t\t\t<div class=\"elementor-element elementor-element-1cb6a0c elementor-widget elementor-widget-text-editor\" data-id=\"1cb6a0c\" data-element_type=\"widget\" data-e-type=\"widget\" data-widget_type=\"text-editor.default\">\n\t\t\t\t<div class=\"elementor-widget-container\">\n\t\t\t\t\t\t\t\t\t<h3>BCM TRADE has been purchasing cereals and oil crops over the years in its silos and warehouses. Today BCM Trade as a reliable partner successfully cooperating with more than 1,000 small producers, subcontractors and other companies.<\/h3>\t\t\t\t\t\t\t\t<\/div>\n\t\t\t\t<\/div>\n\t\t\t\t<div class=\"elementor-element elementor-element-8e6c82f elementor-widget elementor-widget-text-editor\" data-id=\"8e6c82f\" data-element_type=\"widget\" data-e-type=\"widget\" data-widget_type=\"text-editor.default\">\n\t\t\t\t<div class=\"elementor-widget-container\">\n\t\t\t\t\t\t\t\t\t<h3>Purchase Points:<\/h3><h3>BCM &#8211; <a href=\"http:\/\/www.bcmtrade.rs\/19\/en\/warehousing-and-logistics\/idvor\/\">Idvor<\/a> &#8211; Mihajla Pupina bb, Kova\u010dica.\u00a0 \u00a0 \u00a0 \u00a0 \u00a0 \u00a0 \u00a0 \u00a0 \u00a0 \u00a0 \u00a0 \u00a0 \u00a0 \u00a0 \u00a0 \u00a0 \u00a0 \u00a0 \u00a0 \u00a0 \u00a0 \u00a0 \u00a0 \u00a0 \u00a0 \u00a0 \u00a0 \u00a0 \u00a0 \u00a0 BCM &#8211; <a href=\"http:\/\/www.bcmtrade.rs\/19\/en\/warehousing-and-logistics\/perlez\/\">Perlez<\/a> &#8211; Beogradska bb, Zrenjanin.\u00a0 \u00a0 \u00a0 \u00a0 \u00a0 \u00a0 \u00a0 \u00a0 \u00a0 \u00a0 \u00a0 \u00a0 \u00a0 \u00a0 \u00a0 \u00a0 \u00a0 \u00a0 \u00a0 \u00a0 \u00a0 \u00a0 \u00a0 \u00a0 \u00a0 \u00a0 \u00a0 \u00a0 \u00a0 \u00a0 \u00a0 \u00a0 BCM &#8211; <a href=\"http:\/\/www.bcmtrade.rs\/19\/en\/purchase-of-agricultural-products\/\">Farka\u017edin<\/a> &#8211; Toze Markovi\u0107a 55, Zrenjanin.\u00a0 \u00a0 \u00a0 \u00a0 \u00a0 \u00a0 \u00a0 \u00a0 \u00a0 \u00a0 \u00a0 \u00a0 \u00a0 \u00a0 \u00a0 \u00a0 \u00a0 \u00a0 \u00a0 \u00a0 \u00a0 \u00a0 \u00a0 \u00a0 \u00a0 \u00a0 \u00a0 OZZ \u0160ajka\u0161ka,\u0110or\u0111a Be\u0161lina 7,Titel Mo\u0161orin, Vilovo, Gardinovci, Lok.<\/h3>\t\t\t\t\t\t\t\t<\/div>\n\t\t\t\t<\/div>\n\t\t\t\t<div class=\"elementor-element elementor-element-66a21fe elementor-widget elementor-widget-text-editor\" data-id=\"66a21fe\" data-element_type=\"widget\" data-e-type=\"widget\" data-widget_type=\"text-editor.default\">\n\t\t\t\t<div class=\"elementor-widget-container\">\n\t\t\t\t\t\t\t\t\t<h3>\u00a0<\/h3><p><img fetchpriority=\"high\" decoding=\"async\" class=\"wp-image-1574 size-column3-2\/5 aligncenter\" src=\"http:\/\/www.bcmtrade.rs\/19\/wp-content\/uploads\/2019\/04\/otkup-380x152.jpg\" alt=\"\" width=\"380\" height=\"152\" \/><\/p>\t\t\t\t\t\t\t\t<\/div>\n\t\t\t\t<\/div>\n\t\t\t\t\t<\/div>\n\t\t<\/div>\n\t\t\t\t<div class=\"elementor-column elementor-col-50 elementor-top-column elementor-element elementor-element-d345387\" data-id=\"d345387\" data-element_type=\"column\" data-e-type=\"column\" data-settings=\"{&quot;background_background&quot;:&quot;classic&quot;}\">\n\t\t\t<div class=\"elementor-widget-wrap elementor-element-populated\">\n\t\t\t\t\t\t<div class=\"elementor-element elementor-element-d8d2448 elementor-view-default elementor-widget elementor-widget-icon\" data-id=\"d8d2448\" data-element_type=\"widget\" data-e-type=\"widget\" data-widget_type=\"icon.default\">\n\t\t\t\t<div class=\"elementor-widget-container\">\n\t\t\t\t\t\t\t<div class=\"elementor-icon-wrapper\">\n\t\t\t<a class=\"elementor-icon\" href=\"http:\/\/www.bcmtrade.rs\/19\/kontaktirajte-nas\/\">\n\t\t\t\t\t\t\t<i class=\"fa fa-address-card\" aria-hidden=\"true\"><\/i>\n\t\t\t\t\t\t<\/a>\n\t\t<\/div>\n\t\t\t\t\t\t<\/div>\n\t\t\t\t<\/div>\n\t\t\t\t<div class=\"elementor-element elementor-element-a596ce6 elementor-widget elementor-widget-text-editor\" data-id=\"a596ce6\" data-element_type=\"widget\" data-e-type=\"widget\" data-widget_type=\"text-editor.default\">\n\t\t\t\t<div class=\"elementor-widget-container\">\n\t\t\t\t\t\t\t\t\t<h3 style=\"text-align: center;\">Contact center:<\/h3><h3 style=\"text-align: center;\">\u00a0\u00a0<\/h3>\t\t\t\t\t\t\t\t<\/div>\n\t\t\t\t<\/div>\n\t\t\t\t<div class=\"elementor-element elementor-element-839e47f elementor-widget elementor-widget-text-editor\" data-id=\"839e47f\" data-element_type=\"widget\" data-e-type=\"widget\" data-widget_type=\"text-editor.default\">\n\t\t\t\t<div class=\"elementor-widget-container\">\n\t\t\t\t\t\t\t\t\t<h3 style=\"text-align: center;\">Contact PJ Idvor:<br \/>Vladan Stevanovi\u0107<br \/>Mobile:+381 62 8861926<br \/>Email:<a href=\"mailto:idvor@bcmtrade.rs\">idvor@bcmtrade.rs<\/a><\/h3>\t\t\t\t\t\t\t\t<\/div>\n\t\t\t\t<\/div>\n\t\t\t\t<div class=\"elementor-element elementor-element-1bf6e67 elementor-widget elementor-widget-text-editor\" data-id=\"1bf6e67\" data-element_type=\"widget\" data-e-type=\"widget\" data-widget_type=\"text-editor.default\">\n\t\t\t\t<div class=\"elementor-widget-container\">\n\t\t\t\t\t\t\t\t\t<h3 style=\"text-align: center;\">Contact PJ Perlez:<br \/>Todorov Sava<br \/>Mobile:+381 63 282906\u00a0<br \/>Email:<a href=\"mailto:perlez@bcmtrade.rs\">perlez@bcmtrade.rs<\/a><\/h3>\t\t\t\t\t\t\t\t<\/div>\n\t\t\t\t<\/div>\n\t\t\t\t\t<\/div>\n\t\t<\/div>\n\t\t\t\t\t<\/div>\n\t\t<\/section>\n\t\t\t\t<section class=\"elementor-section elementor-top-section elementor-element elementor-element-df2b81a elementor-section-stretched elementor-section-boxed elementor-section-height-default elementor-section-height-default\" data-id=\"df2b81a\" data-element_type=\"section\" data-e-type=\"section\" data-settings=\"{&quot;stretch_section&quot;:&quot;section-stretched&quot;,&quot;background_background&quot;:&quot;classic&quot;}\">\n\t\t\t\t\t\t<div class=\"elementor-container elementor-column-gap-default\">\n\t\t\t\t\t<div class=\"elementor-column elementor-col-33 elementor-top-column elementor-element elementor-element-c3a6201\" data-id=\"c3a6201\" data-element_type=\"column\" data-e-type=\"column\" data-settings=\"{&quot;background_background&quot;:&quot;classic&quot;}\">\n\t\t\t<div class=\"elementor-widget-wrap elementor-element-populated\">\n\t\t\t\t\t\t\t<\/div>\n\t\t<\/div>\n\t\t\t\t<div class=\"elementor-column elementor-col-33 elementor-top-column elementor-element elementor-element-7602130\" data-id=\"7602130\" data-element_type=\"column\" data-e-type=\"column\" data-settings=\"{&quot;background_background&quot;:&quot;classic&quot;}\">\n\t\t\t<div class=\"elementor-widget-wrap elementor-element-populated\">\n\t\t\t\t\t\t<div class=\"elementor-element elementor-element-87ada58 elementor-widget elementor-widget-text-editor\" data-id=\"87ada58\" data-element_type=\"widget\" data-e-type=\"widget\" data-widget_type=\"text-editor.default\">\n\t\t\t\t<div class=\"elementor-widget-container\">\n\t\t\t\t\t\t\t\t\t<h3 style=\"text-align: center;\">Contact Titel:<br \/>Goran Smederevac<br \/>\u00a0 \u00a0 \u00a0 \u00a0 \u00a0 \u00a0 \u00a0 \u00a0 OZZ \u0160ajka\u0161ka \u00a0 \u00a0 \u00a0 \u00a0 \u00a0 \u00a0 \u00a0 \u00a0 \u00a0 Mobile:+381 63 549384<\/h3>\t\t\t\t\t\t\t\t<\/div>\n\t\t\t\t<\/div>\n\t\t\t\t<div class=\"elementor-element elementor-element-1a0f135 elementor-widget elementor-widget-text-editor\" data-id=\"1a0f135\" data-element_type=\"widget\" data-e-type=\"widget\" data-widget_type=\"text-editor.default\">\n\t\t\t\t<div class=\"elementor-widget-container\">\n\t\t\t\t\t\t\t\t\t<h3 style=\"text-align: center;\">\u00a0 \u00a0 \u00a0 \u00a0 \u00a0 Contact PJFarka\u017edin\u00a0 \u00a0 \u00a0 \u00a0 \u00a0 \u00a0 \u00a0 \u00a0 \u00a0 \u00a0 \u00a0 \u00a0 \u00a0 \u00a0 \u00a0 \u00a0Tokovi\u0107 Marija \u00a0 \u00a0 \u00a0 \u00a0 \u00a0 \u00a0 \u00a0 \u00a0 \u00a0 \u00a0 \u00a0 Mobile:+381 62 8861926\u00a0 \u00a0 \u00a0 \u00a0 Email: <a href=\"mailto:farkazdin@bcmtrade.rs\">farkazdin@bcmtrade.rs<\/a><\/h3>\t\t\t\t\t\t\t\t<\/div>\n\t\t\t\t<\/div>\n\t\t\t\t\t<\/div>\n\t\t<\/div>\n\t\t\t\t<div class=\"elementor-column elementor-col-33 elementor-top-column elementor-element elementor-element-02b4213\" data-id=\"02b4213\" data-element_type=\"column\" data-e-type=\"column\" data-settings=\"{&quot;background_background&quot;:&quot;classic&quot;}\">\n\t\t\t<div class=\"elementor-widget-wrap elementor-element-populated\">\n\t\t\t\t\t\t\t<\/div>\n\t\t<\/div>\n\t\t\t\t\t<\/div>\n\t\t<\/section>\n\t\t\t\t<section class=\"elementor-section elementor-top-section elementor-element elementor-element-b52c990 elementor-section-stretched elementor-section-boxed elementor-section-height-default elementor-section-height-default\" data-id=\"b52c990\" data-element_type=\"section\" data-e-type=\"section\" data-settings=\"{&quot;stretch_section&quot;:&quot;section-stretched&quot;,&quot;background_background&quot;:&quot;classic&quot;}\">\n\t\t\t\t\t\t<div class=\"elementor-container elementor-column-gap-default\">\n\t\t\t\t\t<div class=\"elementor-column elementor-col-100 elementor-top-column elementor-element elementor-element-1fec8bf\" data-id=\"1fec8bf\" data-element_type=\"column\" data-e-type=\"column\" data-settings=\"{&quot;background_background&quot;:&quot;classic&quot;}\">\n\t\t\t<div class=\"elementor-widget-wrap elementor-element-populated\">\n\t\t\t\t\t\t<section class=\"elementor-section elementor-inner-section elementor-element elementor-element-0b840b4 elementor-section-boxed elementor-section-height-default elementor-section-height-default\" data-id=\"0b840b4\" data-element_type=\"section\" data-e-type=\"section\">\n\t\t\t\t\t\t<div class=\"elementor-container elementor-column-gap-default\">\n\t\t\t\t\t<div class=\"elementor-column elementor-col-25 elementor-inner-column elementor-element elementor-element-aacf6b7\" data-id=\"aacf6b7\" data-element_type=\"column\" data-e-type=\"column\" data-settings=\"{&quot;background_background&quot;:&quot;classic&quot;}\">\n\t\t\t<div class=\"elementor-widget-wrap elementor-element-populated\">\n\t\t\t\t\t\t<div class=\"elementor-element elementor-element-c5c51cc elementor-position-top elementor-widget elementor-widget-image-box\" data-id=\"c5c51cc\" data-element_type=\"widget\" data-e-type=\"widget\" data-widget_type=\"image-box.default\">\n\t\t\t\t<div class=\"elementor-widget-container\">\n\t\t\t\t\t<div class=\"elementor-image-box-wrapper\"><figure class=\"elementor-image-box-img\"><a href=\"http:\/\/www.bcmtrade.rs\/19\/en\/agroeconomy\/\" tabindex=\"-1\"><img decoding=\"async\" src=\"https:\/\/www.bcmtrade.rs\/19\/wp-content\/uploads\/2019\/02\/96027_kukuruz-cena_ls-1-380x152.jpg\" title=\"96027_kukuruz-cena_ls\" alt=\"96027_kukuruz-cena_ls\" class=\"elementor-animation-pulse-grow\" loading=\"lazy\" \/><\/a><\/figure><div class=\"elementor-image-box-content\"><h3 class=\"elementor-image-box-title\"><a href=\"http:\/\/www.bcmtrade.rs\/19\/en\/agroeconomy\/\"> AREA OF AGROECONOMICS<\/a><\/h3><p class=\"elementor-image-box-description\">Company from the field of agroindustry<\/p><\/div><\/div>\t\t\t\t<\/div>\n\t\t\t\t<\/div>\n\t\t\t\t\t<\/div>\n\t\t<\/div>\n\t\t\t\t<div class=\"elementor-column elementor-col-25 elementor-inner-column elementor-element elementor-element-6693ee1\" data-id=\"6693ee1\" data-element_type=\"column\" data-e-type=\"column\" data-settings=\"{&quot;background_background&quot;:&quot;classic&quot;}\">\n\t\t\t<div class=\"elementor-widget-wrap elementor-element-populated\">\n\t\t\t\t\t\t<div class=\"elementor-element elementor-element-d82146f elementor-position-top elementor-widget elementor-widget-image-box\" data-id=\"d82146f\" data-element_type=\"widget\" data-e-type=\"widget\" data-widget_type=\"image-box.default\">\n\t\t\t\t<div class=\"elementor-widget-container\">\n\t\t\t\t\t<div class=\"elementor-image-box-wrapper\"><figure class=\"elementor-image-box-img\"><a href=\"http:\/\/www.bcmtrade.rs\/19\/en\/foreign-trade\/\" tabindex=\"-1\"><img decoding=\"async\" src=\"https:\/\/www.bcmtrade.rs\/19\/wp-content\/uploads\/2019\/04\/vodni-transport-robe-1-380x152.jpg\" title=\"vodni-transport-robe\" alt=\"vodni-transport-robe\" class=\"elementor-animation-pulse-grow\" loading=\"lazy\" \/><\/a><\/figure><div class=\"elementor-image-box-content\"><h3 class=\"elementor-image-box-title\"><a href=\"http:\/\/www.bcmtrade.rs\/19\/en\/foreign-trade\/\"> FOREIGN TRADE<\/a><\/h3><p class=\"elementor-image-box-description\">\nThe largest trade volume is realized with the countries: Greece, Macedonia, Albania, Bosnia and Herzegovina, .<\/p><\/div><\/div>\t\t\t\t<\/div>\n\t\t\t\t<\/div>\n\t\t\t\t\t<\/div>\n\t\t<\/div>\n\t\t\t\t<div class=\"elementor-column elementor-col-25 elementor-inner-column elementor-element elementor-element-87e9f67\" data-id=\"87e9f67\" data-element_type=\"column\" data-e-type=\"column\" data-settings=\"{&quot;background_background&quot;:&quot;classic&quot;}\">\n\t\t\t<div class=\"elementor-widget-wrap elementor-element-populated\">\n\t\t\t\t\t\t<div class=\"elementor-element elementor-element-9681159 elementor-position-top elementor-widget elementor-widget-image-box\" data-id=\"9681159\" data-element_type=\"widget\" data-e-type=\"widget\" data-widget_type=\"image-box.default\">\n\t\t\t\t<div class=\"elementor-widget-container\">\n\t\t\t\t\t<div class=\"elementor-image-box-wrapper\"><figure class=\"elementor-image-box-img\"><a href=\"http:\/\/www.bcmtrade.rs\/19\/kooperacija\/\" tabindex=\"-1\"><img decoding=\"async\" src=\"https:\/\/www.bcmtrade.rs\/19\/wp-content\/uploads\/2019\/04\/sales-380x152.jpg\" title=\"sales\" alt=\"sales\" class=\"elementor-animation-pulse-grow\" loading=\"lazy\" \/><\/a><\/figure><div class=\"elementor-image-box-content\"><h3 class=\"elementor-image-box-title\"><a href=\"http:\/\/www.bcmtrade.rs\/19\/kooperacija\/\"> COOPERATION<\/a><\/h3><p class=\"elementor-image-box-description\">BCM TRADE organizes and develops cooperative relationships with agricultural producers.<\/p><\/div><\/div>\t\t\t\t<\/div>\n\t\t\t\t<\/div>\n\t\t\t\t\t<\/div>\n\t\t<\/div>\n\t\t\t\t<div class=\"elementor-column elementor-col-25 elementor-inner-column elementor-element elementor-element-5b17de9\" data-id=\"5b17de9\" data-element_type=\"column\" data-e-type=\"column\" data-settings=\"{&quot;background_background&quot;:&quot;classic&quot;}\">\n\t\t\t<div class=\"elementor-widget-wrap elementor-element-populated\">\n\t\t\t\t\t\t<div class=\"elementor-element elementor-element-2dd21fc elementor-position-top elementor-widget elementor-widget-image-box\" data-id=\"2dd21fc\" data-element_type=\"widget\" data-e-type=\"widget\" data-widget_type=\"image-box.default\">\n\t\t\t\t<div class=\"elementor-widget-container\">\n\t\t\t\t\t<div class=\"elementor-image-box-wrapper\"><figure class=\"elementor-image-box-img\"><a href=\"http:\/\/www.bcmtrade.rs\/19\/en\/warehousing-and-logistics\/\" tabindex=\"-1\"><img decoding=\"async\" src=\"https:\/\/www.bcmtrade.rs\/19\/wp-content\/uploads\/2019\/02\/silosi-1-380x152.jpg\" title=\"silosi\" alt=\"silosi\" class=\"elementor-animation-pulse-grow\" loading=\"lazy\" \/><\/a><\/figure><div class=\"elementor-image-box-content\"><h3 class=\"elementor-image-box-title\"><a href=\"http:\/\/www.bcmtrade.rs\/19\/en\/warehousing-and-logistics\/\"> STORAGE AND LOGISTICS<\/a><\/h3><p class=\"elementor-image-box-description\">IDVOR - PERLEZ<\/p><\/div><\/div>\t\t\t\t<\/div>\n\t\t\t\t<\/div>\n\t\t\t\t\t<\/div>\n\t\t<\/div>\n\t\t\t\t\t<\/div>\n\t\t<\/section>\n\t\t\t\t\t<\/div>\n\t\t<\/div>\n\t\t\t\t\t<\/div>\n\t\t<\/section>\n\t\t\t\t<\/div>","protected":false},"excerpt":{"rendered":"<p>BCM TRADE has been purchasing cereals and oil crops over the years in its silos and warehouses. Today BCM Trade as a reliable partner successfully cooperating with more than 1,000 small producers, subcontractors and other companies. Purchase Points: BCM &#8211; Idvor &#8211; Mihajla Pupina bb, Kova\u010dica.\u00a0 \u00a0 \u00a0 \u00a0 \u00a0 \u00a0 \u00a0 \u00a0 \u00a0 \u00a0<\/p>\n<p class=\"more-link\"><a href=\"https:\/\/www.bcmtrade.rs\/19\/en\/purchase-of-agricultural-products\/\" class=\"themebutton2\">Read More<\/a><\/p>","protected":false},"author":1,"featured_media":0,"parent":0,"menu_order":0,"comment_status":"closed","ping_status":"closed","template":"","meta":{"footnotes":""},"class_list":["post-1404","page","type-page","status-publish","hentry"],"_links":{"self":[{"href":"https:\/\/www.bcmtrade.rs\/19\/en\/wp-json\/wp\/v2\/pages\/1404","targetHints":{"allow":["GET"]}}],"collection":[{"href":"https:\/\/www.bcmtrade.rs\/19\/en\/wp-json\/wp\/v2\/pages"}],"about":[{"href":"https:\/\/www.bcmtrade.rs\/19\/en\/wp-json\/wp\/v2\/types\/page"}],"author":[{"embeddable":true,"href":"https:\/\/www.bcmtrade.rs\/19\/en\/wp-json\/wp\/v2\/users\/1"}],"replies":[{"embeddable":true,"href":"https:\/\/www.bcmtrade.rs\/19\/en\/wp-json\/wp\/v2\/comments?post=1404"}],"version-history":[{"count":47,"href":"https:\/\/www.bcmtrade.rs\/19\/en\/wp-json\/wp\/v2\/pages\/1404\/revisions"}],"predecessor-version":[{"id":3220,"href":"https:\/\/www.bcmtrade.rs\/19\/en\/wp-json\/wp\/v2\/pages\/1404\/revisions\/3220"}],"wp:attachment":[{"href":"https:\/\/www.bcmtrade.rs\/19\/en\/wp-json\/wp\/v2\/media?parent=1404"}],"curies":[{"name":"wp","href":"https:\/\/api.w.org\/{rel}","templated":true}]}}