{"id":1416,"date":"2019-03-31T13:55:30","date_gmt":"2019-03-31T12:55:30","guid":{"rendered":"http:\/\/www.bcmtrade.rs\/19\/?page_id=1416"},"modified":"2022-01-10T11:32:35","modified_gmt":"2022-01-10T10:32:35","slug":"perlez","status":"publish","type":"page","link":"https:\/\/www.bcmtrade.rs\/19\/en\/warehousing-and-logistics\/perlez\/","title":{"rendered":"Perlez"},"content":{"rendered":"<div data-elementor-type=\"wp-post\" data-elementor-id=\"1416\" class=\"elementor elementor-1416\">\n\t\t\t\t\t\t<section class=\"elementor-section elementor-top-section elementor-element elementor-element-86b5385 elementor-section-stretched elementor-section-boxed elementor-section-height-default elementor-section-height-default\" data-id=\"86b5385\" data-element_type=\"section\" data-settings=\"{&quot;stretch_section&quot;:&quot;section-stretched&quot;,&quot;background_background&quot;:&quot;classic&quot;}\">\n\t\t\t\t\t\t<div class=\"elementor-container elementor-column-gap-default\">\n\t\t\t\t\t<div class=\"elementor-column elementor-col-100 elementor-top-column elementor-element elementor-element-516e95c\" data-id=\"516e95c\" data-element_type=\"column\" data-settings=\"{&quot;background_background&quot;:&quot;classic&quot;}\">\n\t\t\t<div class=\"elementor-widget-wrap elementor-element-populated\">\n\t\t\t\t\t\t<div class=\"elementor-element elementor-element-a9d24ef elementor-widget elementor-widget-image\" data-id=\"a9d24ef\" data-element_type=\"widget\" data-widget_type=\"image.default\">\n\t\t\t\t<div class=\"elementor-widget-container\">\n\t\t\t\t\t\t\t\t\t\t\t\t<figure class=\"wp-caption\">\n\t\t\t\t\t\t\t\t\t\t<img decoding=\"async\" src=\"https:\/\/www.bcmtrade.rs\/19\/wp-content\/uploads\/2020\/08\/IMG-11.jpg\" title=\"IMG-11\" alt=\"IMG-11\" loading=\"lazy\" \/>\t\t\t\t\t\t\t\t\t\t\t<figcaption class=\"widget-image-caption wp-caption-text\">POSLOVNA JEDINICA PERLEZ <\/figcaption>\n\t\t\t\t\t\t\t\t\t\t<\/figure>\n\t\t\t\t\t\t\t\t\t<\/div>\n\t\t\t\t<\/div>\n\t\t\t\t\t<\/div>\n\t\t<\/div>\n\t\t\t\t\t<\/div>\n\t\t<\/section>\n\t\t\t\t<section class=\"elementor-section elementor-top-section elementor-element elementor-element-a667438 elementor-section-stretched elementor-section-boxed elementor-section-height-default elementor-section-height-default\" data-id=\"a667438\" data-element_type=\"section\" data-settings=\"{&quot;stretch_section&quot;:&quot;section-stretched&quot;,&quot;background_background&quot;:&quot;classic&quot;}\">\n\t\t\t\t\t\t<div class=\"elementor-container elementor-column-gap-default\">\n\t\t\t\t\t<div class=\"elementor-column elementor-col-50 elementor-top-column elementor-element elementor-element-8428f7d\" data-id=\"8428f7d\" data-element_type=\"column\" data-settings=\"{&quot;background_background&quot;:&quot;classic&quot;}\">\n\t\t\t<div class=\"elementor-widget-wrap elementor-element-populated\">\n\t\t\t\t\t\t<div class=\"elementor-element elementor-element-2540920 elementor-widget elementor-widget-heading\" data-id=\"2540920\" data-element_type=\"widget\" data-widget_type=\"heading.default\">\n\t\t\t\t<div class=\"elementor-widget-container\">\n\t\t\t\t\t<h2 class=\"elementor-heading-title elementor-size-default\">Business unit Perlez<\/h2>\t\t\t\t<\/div>\n\t\t\t\t<\/div>\n\t\t\t\t<div class=\"elementor-element elementor-element-f2dd72a elementor-widget elementor-widget-text-editor\" data-id=\"f2dd72a\" data-element_type=\"widget\" data-widget_type=\"text-editor.default\">\n\t\t\t\t<div class=\"elementor-widget-container\">\n\t\t\t\t\t\t\t\t\t<h3>BCM Trade owns silos with a dryer in Perlez which located about 47 km from Belgrade, 49 km from the port of Dunav, 63 km from the port of Novi Sad.<\/h3><h3>The total capacity of the PJ Perlez silo is 24.000 tons, as follows: 3 silos capacity 5,400 tons. and 3 warehouses of 1,600 m2 with a capacity of 6,200 tn.<\/h3><h3>The drying capacity is 24 tons per hour.<\/h3><h3>Address: Beogradska bb, Perlez<\/h3>\t\t\t\t\t\t\t\t<\/div>\n\t\t\t\t<\/div>\n\t\t\t\t<div class=\"elementor-element elementor-element-7cc6c35 elementor-widget elementor-widget-text-editor\" data-id=\"7cc6c35\" data-element_type=\"widget\" data-widget_type=\"text-editor.default\">\n\t\t\t\t<div class=\"elementor-widget-container\">\n\t\t\t\t\t\t\t\t\t<p><a href=\"https:\/\/bcm.of.rs\/wp49\/wp-content\/uploads\/2019\/02\/PERLEZ-POPRE\u010cNI-PRESEK-Model.pdf\">PERLEZ &#8211; UZDU\u017dNI PRESEK-Model<\/a><a href=\"http:\/\/www.bcmtrade.rs\/wordpress\/wp-content\/uploads\/2018\/11\/PERLEZ-POPRE%C4%8CNI-PRESEK-Model.pdf\">PERLEZ &#8211; POPRE\u010cNI PRESEK-Model<\/a><a href=\"http:\/\/www.bcmtrade.rs\/wordpress\/wp-content\/uploads\/2018\/11\/PERLEZ-DIJAGRAM-Model.pdf\">PERLEZ &#8211; DIJAGRAM-Model<\/a><\/p>\t\t\t\t\t\t\t\t<\/div>\n\t\t\t\t<\/div>\n\t\t\t\t\t<\/div>\n\t\t<\/div>\n\t\t\t\t<div class=\"elementor-column elementor-col-50 elementor-top-column elementor-element elementor-element-4b0d598\" data-id=\"4b0d598\" data-element_type=\"column\" data-settings=\"{&quot;background_background&quot;:&quot;classic&quot;}\">\n\t\t\t<div class=\"elementor-widget-wrap elementor-element-populated\">\n\t\t\t\t\t\t<div class=\"elementor-element elementor-element-fbe1479 elementor-view-default elementor-widget elementor-widget-icon\" data-id=\"fbe1479\" data-element_type=\"widget\" data-widget_type=\"icon.default\">\n\t\t\t\t<div class=\"elementor-widget-container\">\n\t\t\t\t\t\t\t<div class=\"elementor-icon-wrapper\">\n\t\t\t<a class=\"elementor-icon\" href=\"http:\/\/www.bcmtrade.rs\/19\/kontaktirajte-nas\/\">\n\t\t\t\t\t\t\t<i class=\"fa fa-address-card\" aria-hidden=\"true\"><\/i>\n\t\t\t\t\t\t<\/a>\n\t\t<\/div>\n\t\t\t\t\t\t<\/div>\n\t\t\t\t<\/div>\n\t\t\t\t<div class=\"elementor-element elementor-element-5d3611d elementor-widget elementor-widget-text-editor\" data-id=\"5d3611d\" data-element_type=\"widget\" data-widget_type=\"text-editor.default\">\n\t\t\t\t<div class=\"elementor-widget-container\">\n\t\t\t\t\t\t\t\t\t<h3>Contact PJ Perlez:<br \/>Todorov Sava\u00a0<br \/>Tel. +381 63 282906\u00a0<br \/>Email:<a href=\"mailto:perlez@bcmtrade.rs\">perlez@bcmtrade.rs<\/a><\/h3>\t\t\t\t\t\t\t\t<\/div>\n\t\t\t\t<\/div>\n\t\t\t\t\t<\/div>\n\t\t<\/div>\n\t\t\t\t\t<\/div>\n\t\t<\/section>\n\t\t\t\t<section class=\"elementor-section elementor-top-section elementor-element elementor-element-1f8b823 elementor-section-stretched elementor-section-boxed elementor-section-height-default elementor-section-height-default\" data-id=\"1f8b823\" data-element_type=\"section\" data-settings=\"{&quot;stretch_section&quot;:&quot;section-stretched&quot;,&quot;background_background&quot;:&quot;classic&quot;}\">\n\t\t\t\t\t\t<div class=\"elementor-container elementor-column-gap-default\">\n\t\t\t\t\t<div class=\"elementor-column elementor-col-100 elementor-top-column elementor-element elementor-element-02a0948\" data-id=\"02a0948\" data-element_type=\"column\" data-settings=\"{&quot;background_background&quot;:&quot;classic&quot;}\">\n\t\t\t<div class=\"elementor-widget-wrap elementor-element-populated\">\n\t\t\t\t\t\t<div class=\"elementor-element elementor-element-0e98642 elementor-widget elementor-widget-text-editor\" data-id=\"0e98642\" data-element_type=\"widget\" data-widget_type=\"text-editor.default\">\n\t\t\t\t<div class=\"elementor-widget-container\">\n\t\t\t\t\t\t\t\t\t<p><div id=\"lmm_6e6ff973\" style=\"width:100%;\" class=\"mapsmarker markermap marker-1\">\n<div id=\"lmm_panel_6e6ff973\" class=\"lmm-panel\" style=\"background:#efefef;\">\n<div id=\"lmm_panel_api_6e6ff973\" class=\"lmm-panel-api\"><a href=\"https:\/\/maps.google.com\/maps?daddr=Perlez+Vojvodina%2C+%D0%A1%D1%80%D0%B1%D0%B8%D1%98%D0%B0&amp;t=m&amp;layer=1&amp;doflg=ptk&amp;om=0\" target=\"_blank\" title=\"Get directions\"><img decoding=\"async\" alt=\"icon-car.png\" src=\"https:\/\/www.bcmtrade.rs\/19\/wp-content\/plugins\/leaflet-maps-marker\/inc\/img\/icon-car.png\" width=\"14\" height=\"14\" class=\"lmm-panel-api-images\" \/><\/a><\/div><div id=\"lmm_panel_text_6e6ff973\" class=\"lmm-panel-text\" style=\"font-weight:bold;color:#373737;\">Perlez<\/div><\/div>\n<div id=\"lmm_map_6e6ff973\" class=\"lmm-map\" style=\"background:#f6f6f6;border:1px solid #ccc;height:480px; overflow:hidden;padding:0;\"><p style=\"font-size:80%;color:#9f9e9e;margin-left:5px;\">loading map &#8211; please wait&#8230;<noscript><br\/><strong>Map could not be loaded &#8211; please enable Javascript!<\/strong><br\/><a style=\"text-decoration:none;\" href=\"https:\/\/www.mapsmarker.com\/js-disabled\" target=\"_blank\">&rarr; more information<\/a><\/noscript><\/p><\/div>\n<div id=\"lmm_geo_tags_6e6ff973\" class=\"lmm-geo-tags geo\">\n<span class=\"paneltext\">Perlez<\/span>\n<span class=\"latitude\">45.208100<\/span>, <span class=\"longitude\">20.382000<\/span>\n<span class=\"popuptext\">Poslovna jedinica Perlez\r\n\r\nBCM Trade investira u izgradnju silosa sa su\u0161arom u Perlezu koji se nalazi oko 75km od Beograda, 75km od luke Pan\u010devo. O\u010dekuje se da investicija bude zavr\u0161ena u junu 2019.godine.\r\n\r\nKapacitet silosa iznosi 5.400 tona (2 silosa kapaciteta 2.000 tona i 1 silos kapaciteta 1.400 tona).\r\n\r\nKapacitet su\u0161are iznosi 24 tona po satu.\r\n\r\nAdresa: Beogradska bb, Perlez<\/span>\n<\/div>\n<\/div><\/p>\t\t\t\t\t\t\t\t<\/div>\n\t\t\t\t<\/div>\n\t\t\t\t\t<\/div>\n\t\t<\/div>\n\t\t\t\t\t<\/div>\n\t\t<\/section>\n\t\t\t\t<section class=\"elementor-section elementor-top-section elementor-element elementor-element-a760f28 elementor-section-stretched elementor-section-boxed elementor-section-height-default elementor-section-height-default\" data-id=\"a760f28\" data-element_type=\"section\" data-settings=\"{&quot;stretch_section&quot;:&quot;section-stretched&quot;,&quot;background_background&quot;:&quot;classic&quot;}\">\n\t\t\t\t\t\t<div class=\"elementor-container elementor-column-gap-default\">\n\t\t\t\t\t<div class=\"elementor-column elementor-col-100 elementor-top-column elementor-element elementor-element-8abd533\" data-id=\"8abd533\" data-element_type=\"column\" data-settings=\"{&quot;background_background&quot;:&quot;classic&quot;}\">\n\t\t\t<div class=\"elementor-widget-wrap elementor-element-populated\">\n\t\t\t\t\t\t<div class=\"elementor-element elementor-element-5fed7ce elementor-widget elementor-widget-image-gallery\" data-id=\"5fed7ce\" data-element_type=\"widget\" data-widget_type=\"image-gallery.default\">\n\t\t\t\t<div class=\"elementor-widget-container\">\n\t\t\t\t\t\t\t<div class=\"elementor-image-gallery\">\n\t\t\t\t\t<\/div>\n\t\t\t\t\t\t<\/div>\n\t\t\t\t<\/div>\n\t\t\t\t\t<\/div>\n\t\t<\/div>\n\t\t\t\t\t<\/div>\n\t\t<\/section>\n\t\t\t\t<section class=\"elementor-section elementor-top-section elementor-element elementor-element-5af550b elementor-section-stretched elementor-section-boxed elementor-section-height-default elementor-section-height-default\" data-id=\"5af550b\" data-element_type=\"section\" data-settings=\"{&quot;stretch_section&quot;:&quot;section-stretched&quot;,&quot;background_background&quot;:&quot;classic&quot;}\">\n\t\t\t\t\t\t<div class=\"elementor-container elementor-column-gap-default\">\n\t\t\t\t\t<div class=\"elementor-column elementor-col-100 elementor-top-column elementor-element elementor-element-47c96e2\" data-id=\"47c96e2\" data-element_type=\"column\" data-settings=\"{&quot;background_background&quot;:&quot;classic&quot;}\">\n\t\t\t<div class=\"elementor-widget-wrap elementor-element-populated\">\n\t\t\t\t\t\t<section class=\"elementor-section elementor-inner-section elementor-element elementor-element-4bc63aa elementor-section-boxed elementor-section-height-default elementor-section-height-default\" data-id=\"4bc63aa\" data-element_type=\"section\">\n\t\t\t\t\t\t<div class=\"elementor-container elementor-column-gap-default\">\n\t\t\t\t\t<div class=\"elementor-column elementor-col-50 elementor-inner-column elementor-element elementor-element-16126a3\" data-id=\"16126a3\" data-element_type=\"column\" data-settings=\"{&quot;background_background&quot;:&quot;classic&quot;}\">\n\t\t\t<div class=\"elementor-widget-wrap elementor-element-populated\">\n\t\t\t\t\t\t<div class=\"elementor-element elementor-element-04519cb elementor-widget elementor-widget-heading\" data-id=\"04519cb\" data-element_type=\"widget\" data-widget_type=\"heading.default\">\n\t\t\t\t<div class=\"elementor-widget-container\">\n\t\t\t\t\t<h2 class=\"elementor-heading-title elementor-size-default\">IDVOR<\/h2>\t\t\t\t<\/div>\n\t\t\t\t<\/div>\n\t\t\t\t<div class=\"elementor-element elementor-element-c47b7fa elementor-widget elementor-widget-text-editor\" data-id=\"c47b7fa\" data-element_type=\"widget\" data-widget_type=\"text-editor.default\">\n\t\t\t\t<div class=\"elementor-widget-container\">\n\t\t\t\t\t\t\t\t\t<h4 style=\"text-align: center;\">67km from Belgrade, 46km from the port of Pancevo, and 69km from the port of Novi Sad<\/h4>\t\t\t\t\t\t\t\t<\/div>\n\t\t\t\t<\/div>\n\t\t\t\t<div class=\"elementor-element elementor-element-a4a500c elementor-view-default elementor-widget elementor-widget-icon\" data-id=\"a4a500c\" data-element_type=\"widget\" data-widget_type=\"icon.default\">\n\t\t\t\t<div class=\"elementor-widget-container\">\n\t\t\t\t\t\t\t<div class=\"elementor-icon-wrapper\">\n\t\t\t<a class=\"elementor-icon\" href=\"http:\/\/www.bcmtrade.rs\/19\/en\/warehousing-and-logistics\/idvor\/\">\n\t\t\t\t\t\t\t<i class=\"fa fa-arrow-circle-right\" aria-hidden=\"true\"><\/i>\n\t\t\t\t\t\t<\/a>\n\t\t<\/div>\n\t\t\t\t\t\t<\/div>\n\t\t\t\t<\/div>\n\t\t\t\t\t<\/div>\n\t\t<\/div>\n\t\t\t\t<div class=\"elementor-column elementor-col-50 elementor-inner-column elementor-element elementor-element-6d2de41\" data-id=\"6d2de41\" data-element_type=\"column\">\n\t\t\t<div class=\"elementor-widget-wrap elementor-element-populated\">\n\t\t\t\t\t\t<div class=\"elementor-element elementor-element-55f4173 elementor-widget elementor-widget-image\" data-id=\"55f4173\" data-element_type=\"widget\" data-widget_type=\"image.default\">\n\t\t\t\t<div class=\"elementor-widget-container\">\n\t\t\t\t\t\t\t\t\t\t\t\t\t\t\t<img decoding=\"async\" src=\"https:\/\/www.bcmtrade.rs\/19\/wp-content\/uploads\/2019\/02\/Idvor2-1-1024x456.jpg\" title=\"Idvor2\" alt=\"Idvor2\" loading=\"lazy\" \/>\t\t\t\t\t\t\t\t\t\t\t\t\t\t\t<\/div>\n\t\t\t\t<\/div>\n\t\t\t\t\t<\/div>\n\t\t<\/div>\n\t\t\t\t\t<\/div>\n\t\t<\/section>\n\t\t\t\t\t<\/div>\n\t\t<\/div>\n\t\t\t\t\t<\/div>\n\t\t<\/section>\n\t\t\t\t<section class=\"elementor-section elementor-top-section elementor-element elementor-element-0657955 elementor-section-stretched elementor-section-boxed elementor-section-height-default elementor-section-height-default\" data-id=\"0657955\" data-element_type=\"section\" data-settings=\"{&quot;stretch_section&quot;:&quot;section-stretched&quot;,&quot;background_background&quot;:&quot;classic&quot;}\">\n\t\t\t\t\t\t<div class=\"elementor-container elementor-column-gap-default\">\n\t\t\t\t\t<div class=\"elementor-column elementor-col-100 elementor-top-column elementor-element elementor-element-25386c3\" data-id=\"25386c3\" data-element_type=\"column\" data-settings=\"{&quot;background_background&quot;:&quot;classic&quot;}\">\n\t\t\t<div class=\"elementor-widget-wrap elementor-element-populated\">\n\t\t\t\t\t\t<section class=\"elementor-section elementor-inner-section elementor-element elementor-element-fce641b elementor-section-boxed elementor-section-height-default elementor-section-height-default\" data-id=\"fce641b\" data-element_type=\"section\">\n\t\t\t\t\t\t<div class=\"elementor-container elementor-column-gap-default\">\n\t\t\t\t\t<div class=\"elementor-column elementor-col-50 elementor-inner-column elementor-element elementor-element-5cee6f0\" data-id=\"5cee6f0\" data-element_type=\"column\" data-settings=\"{&quot;background_background&quot;:&quot;classic&quot;}\">\n\t\t\t<div class=\"elementor-widget-wrap elementor-element-populated\">\n\t\t\t\t\t\t<div class=\"elementor-element elementor-element-52f41de elementor-widget elementor-widget-heading\" data-id=\"52f41de\" data-element_type=\"widget\" data-widget_type=\"heading.default\">\n\t\t\t\t<div class=\"elementor-widget-container\">\n\t\t\t\t\t<h2 class=\"elementor-heading-title elementor-size-default\">FARKA\u017dDIN<\/h2>\t\t\t\t<\/div>\n\t\t\t\t<\/div>\n\t\t\t\t<div class=\"elementor-element elementor-element-651406d elementor-widget elementor-widget-text-editor\" data-id=\"651406d\" data-element_type=\"widget\" data-widget_type=\"text-editor.default\">\n\t\t\t\t<div class=\"elementor-widget-container\">\n\t\t\t\t\t\t\t\t\t<h3 style=\"text-align: center;\">a new reception point where the purchase and sale of agricultural products is performed<\/h3>\t\t\t\t\t\t\t\t<\/div>\n\t\t\t\t<\/div>\n\t\t\t\t<div class=\"elementor-element elementor-element-523ea6c elementor-view-default elementor-widget elementor-widget-icon\" data-id=\"523ea6c\" data-element_type=\"widget\" data-widget_type=\"icon.default\">\n\t\t\t\t<div class=\"elementor-widget-container\">\n\t\t\t\t\t\t\t<div class=\"elementor-icon-wrapper\">\n\t\t\t<a class=\"elementor-icon\" href=\"http:\/\/www.bcmtrade.rs\/19\/skladistenje-i-logistika\/http-www-bcmtrade-rs-19-skladistenje-i-logistika-farkazdin\/\">\n\t\t\t\t\t\t\t<i class=\"fa fa-arrow-circle-right\" aria-hidden=\"true\"><\/i>\n\t\t\t\t\t\t<\/a>\n\t\t<\/div>\n\t\t\t\t\t\t<\/div>\n\t\t\t\t<\/div>\n\t\t\t\t\t<\/div>\n\t\t<\/div>\n\t\t\t\t<div class=\"elementor-column elementor-col-50 elementor-inner-column elementor-element elementor-element-835edd6\" data-id=\"835edd6\" data-element_type=\"column\">\n\t\t\t<div class=\"elementor-widget-wrap elementor-element-populated\">\n\t\t\t\t\t\t<div class=\"elementor-element elementor-element-9d9d049 elementor-widget elementor-widget-google_maps\" data-id=\"9d9d049\" data-element_type=\"widget\" data-widget_type=\"google_maps.default\">\n\t\t\t\t<div class=\"elementor-widget-container\">\n\t\t\t\t\t\t\t<div class=\"elementor-custom-embed\">\n\t\t\t<iframe loading=\"lazy\"\n\t\t\t\t\tsrc=\"https:\/\/maps.google.com\/maps?q=Farka%C5%BEdin%2C%20Serbia&#038;t=m&#038;z=10&#038;output=embed&#038;iwloc=near\"\n\t\t\t\t\ttitle=\"Farka\u017edin, Serbia\"\n\t\t\t\t\taria-label=\"Farka\u017edin, Serbia\"\n\t\t\t><\/iframe>\n\t\t<\/div>\n\t\t\t\t\t\t<\/div>\n\t\t\t\t<\/div>\n\t\t\t\t\t<\/div>\n\t\t<\/div>\n\t\t\t\t\t<\/div>\n\t\t<\/section>\n\t\t\t\t\t<\/div>\n\t\t<\/div>\n\t\t\t\t\t<\/div>\n\t\t<\/section>\n\t\t\t\t<\/div>","protected":false},"excerpt":{"rendered":"<p>POSLOVNA JEDINICA PERLEZ Business unit Perlez BCM Trade owns silos with a dryer in Perlez which located about 47 km from Belgrade, 49 km from the port of Dunav, 63 km from the port of Novi Sad. The total capacity of the PJ Perlez silo is 24.000 tons, as follows: 3 silos capacity 5,400 tons.<\/p>\n<p class=\"more-link\"><a href=\"https:\/\/www.bcmtrade.rs\/19\/en\/warehousing-and-logistics\/perlez\/\" class=\"themebutton2\">Read More<\/a><\/p>","protected":false},"author":1,"featured_media":0,"parent":1410,"menu_order":0,"comment_status":"closed","ping_status":"closed","template":"","meta":{"footnotes":""},"class_list":["post-1416","page","type-page","status-publish","hentry"],"_links":{"self":[{"href":"https:\/\/www.bcmtrade.rs\/19\/en\/wp-json\/wp\/v2\/pages\/1416"}],"collection":[{"href":"https:\/\/www.bcmtrade.rs\/19\/en\/wp-json\/wp\/v2\/pages"}],"about":[{"href":"https:\/\/www.bcmtrade.rs\/19\/en\/wp-json\/wp\/v2\/types\/page"}],"author":[{"embeddable":true,"href":"https:\/\/www.bcmtrade.rs\/19\/en\/wp-json\/wp\/v2\/users\/1"}],"replies":[{"embeddable":true,"href":"https:\/\/www.bcmtrade.rs\/19\/en\/wp-json\/wp\/v2\/comments?post=1416"}],"version-history":[{"count":23,"href":"https:\/\/www.bcmtrade.rs\/19\/en\/wp-json\/wp\/v2\/pages\/1416\/revisions"}],"predecessor-version":[{"id":2700,"href":"https:\/\/www.bcmtrade.rs\/19\/en\/wp-json\/wp\/v2\/pages\/1416\/revisions\/2700"}],"up":[{"embeddable":true,"href":"https:\/\/www.bcmtrade.rs\/19\/en\/wp-json\/wp\/v2\/pages\/1410"}],"wp:attachment":[{"href":"https:\/\/www.bcmtrade.rs\/19\/en\/wp-json\/wp\/v2\/media?parent=1416"}],"curies":[{"name":"wp","href":"https:\/\/api.w.org\/{rel}","templated":true}]}}