{"id":394,"date":"2019-02-03T22:19:41","date_gmt":"2019-02-03T21:19:41","guid":{"rendered":"https:\/\/bcm.of.rs\/wp49\/?page_id=394"},"modified":"2026-04-24T18:38:07","modified_gmt":"2026-04-24T17:38:07","slug":"o-kompaniji","status":"publish","type":"page","link":"https:\/\/www.bcmtrade.rs\/19\/o-kompaniji\/","title":{"rendered":"BCM Trade"},"content":{"rendered":"\n<p><a href=\"https:\/\/www.bcmtrade.rs\/19\/wp-admin\/edit.php?post_type=page\">\u0421\u0432\u0435 \u0441\u0442\u0440\u0430\u043d\u0435<\/a><\/p>\n\n\n<h1>O nama<\/h1>\n<h3><strong>BCM TRADE<\/strong>\u00a0 je osnovan 1992.godine. Sedi\u0161te BCM TRADE je u Beogradu na\u00a0adresi Bulevar Kralja Aleksandra br.54.<br \/>Preduze\u0107e se bavi prometom \u017eitarica i uljarica pre svega kukuruza, p\u0161enice,\u00a0suncokreta, je\u010dma, kao i mineralnog \u0111ubriva i semena.<\/h3>\n<h3>Posedujemo silose i magacine u Idvoru, Perlezu, Barandi i Farka\u017edinu. Silosi u Idvoru su kapaciteta 15.000 tn. sa su\u0161arom kapaciteta 10 tn\/h. U Perlezu posedujemo silose kapaciteta 5.400 tn. kao i magacinski prostor kapaciteta 20.000 tn. sa su\u0161arom kapaciteta 24 tn.\/h. U Barandi posedujemo silose kapaciteta 6.000 tn. Koriste\u0107i kapacitete svojih silosa <strong>BCM TRADE<\/strong> omogu\u0107uje uslugu\u00a0lagerovanja robe za firme i fizi\u010dka lica kao i ugovaranje i kreditiranje\u00a0poljoprivredne proizvodnje.<\/h3>\n<h3>Stabilnost poslovanja preduze\u0107a se ogleda u odr\u017eavanju ve\u0107 postoje\u0107ih\u00a0 i\u00a0<br \/>sticanju\u00a0 poverenja kod novih kooperanata.<\/h3>\n<h3><strong>BCM TRADE<\/strong> zauzima zna\u010dajno mesto na listi najve\u0107ih izvozno orijentisanih\u00a0firmi iz oblasti agro biznisa Srbije.<\/h3>\n<h3><strong>BCM TRADE<\/strong> obavlja delatnost u skladu sa me\u0111unarodnim standardom \u0161to potvr\u0111uje sertifikat HACCP.<\/h3>\n<p><img fetchpriority=\"high\" decoding=\"async\" src=\"http:\/\/www.bcmtrade.rs\/19\/wp-content\/uploads\/2019\/02\/Idvor2-1-1024x768.jpg\" sizes=\"(max-width: 1024px) 100vw, 1024px\" srcset=\"http:\/\/www.bcmtrade.rs\/19\/wp-content\/uploads\/2019\/02\/Idvor2-1.jpg 1024w, http:\/\/www.bcmtrade.rs\/19\/wp-content\/uploads\/2019\/02\/Idvor2-1-300x225.jpg 300w, http:\/\/www.bcmtrade.rs\/19\/wp-content\/uploads\/2019\/02\/Idvor2-1-768x576.jpg 768w, http:\/\/www.bcmtrade.rs\/19\/wp-content\/uploads\/2019\/02\/Idvor2-1-380x285.jpg 380w, http:\/\/www.bcmtrade.rs\/19\/wp-content\/uploads\/2019\/02\/Idvor2-1-285x214.jpg 285w\" alt=\"\" width=\"1024\" height=\"768\" \/><br \/><img decoding=\"async\" src=\"http:\/\/www.bcmtrade.rs\/19\/wp-content\/uploads\/2019\/02\/Zgrada-1-1024x768-1024x768.jpg\" sizes=\"(max-width: 1024px) 100vw, 1024px\" srcset=\"http:\/\/www.bcmtrade.rs\/19\/wp-content\/uploads\/2019\/02\/Zgrada-1-1024x768.jpg 1024w, http:\/\/www.bcmtrade.rs\/19\/wp-content\/uploads\/2019\/02\/Zgrada-1-1024x768-300x225.jpg 300w, http:\/\/www.bcmtrade.rs\/19\/wp-content\/uploads\/2019\/02\/Zgrada-1-1024x768-768x576.jpg 768w, http:\/\/www.bcmtrade.rs\/19\/wp-content\/uploads\/2019\/02\/Zgrada-1-1024x768-380x285.jpg 380w, http:\/\/www.bcmtrade.rs\/19\/wp-content\/uploads\/2019\/02\/Zgrada-1-1024x768-285x214.jpg 285w\" alt=\"\" width=\"1024\" height=\"768\" \/><\/p>\n<figure><a href=\"http:\/\/www.bcmtrade.rs\/19\/osnovni-podaci\/\"><img decoding=\"async\" title=\"Centrala Bg umanjena\" src=\"http:\/\/www.bcmtrade.rs\/19\/wp-content\/uploads\/2019\/04\/Centrala-Bg-umanjena-1-377x152.jpg\" alt=\"Centrala Bg umanjena\" \/><\/a><\/figure>\n<h3><a href=\"http:\/\/www.bcmtrade.rs\/19\/osnovni-podaci\/\">Osnovni podaci<\/a><\/h3>\n<p>BCM Trade d.o.o.<\/p>\n<figure><a href=\"http:\/\/www.bcmtrade.rs\/19\/poslovni-prihod\/\"><img decoding=\"async\" src=\"http:\/\/www.bcmtrade.rs\/19\/wp-content\/uploads\/2019\/02\/profit-640x285.jpg\" alt=\"\" width=\"640\" height=\"285\" \/><\/a><\/figure>\n<h3><a href=\"http:\/\/www.bcmtrade.rs\/19\/poslovni-prihod\/\">Poslovni prihod<\/a><\/h3>\n<p>90% na\u0161eg poslovanja je izvoz<\/p>\n<figure><a href=\"http:\/\/www.bcmtrade.rs\/19\/finansiski-podaci\/\"><img decoding=\"async\" title=\"novac\" src=\"http:\/\/www.bcmtrade.rs\/19\/wp-content\/uploads\/2019\/02\/novac-380x152.jpg\" alt=\"novac\" \/><\/a><\/figure>\n<h3><a href=\"http:\/\/www.bcmtrade.rs\/19\/finansiski-podaci\/\">Finansijski podaci<\/a><\/h3>\n<p>Konsolidovani finansijski podaci<\/p>","protected":false},"excerpt":{"rendered":"<p>\u0421\u0432\u0435 \u0441\u0442\u0440\u0430\u043d\u0435 O nama BCM TRADE\u00a0 je osnovan 1992.godine. Sedi\u0161te BCM TRADE je u Beogradu na\u00a0adresi Bulevar Kralja Aleksandra br.54.Preduze\u0107e se bavi prometom \u017eitarica i uljarica pre svega kukuruza, p\u0161enice,\u00a0suncokreta, je\u010dma, kao i mineralnog \u0111ubriva i semena. Posedujemo silose i magacine u Idvoru, Perlezu, Barandi i Farka\u017edinu. Silosi u Idvoru su kapaciteta 15.000 tn. sa<\/p>\n<p class=\"more-link\"><a href=\"https:\/\/www.bcmtrade.rs\/19\/o-kompaniji\/\" class=\"themebutton2\">Read More<\/a><\/p>\n","protected":false},"author":1,"featured_media":0,"parent":0,"menu_order":0,"comment_status":"closed","ping_status":"closed","template":"elementor_header_footer","meta":{"footnotes":""},"class_list":["post-394","page","type-page","status-publish","hentry"],"_links":{"self":[{"href":"https:\/\/www.bcmtrade.rs\/19\/wp-json\/wp\/v2\/pages\/394","targetHints":{"allow":["GET"]}}],"collection":[{"href":"https:\/\/www.bcmtrade.rs\/19\/wp-json\/wp\/v2\/pages"}],"about":[{"href":"https:\/\/www.bcmtrade.rs\/19\/wp-json\/wp\/v2\/types\/page"}],"author":[{"embeddable":true,"href":"https:\/\/www.bcmtrade.rs\/19\/wp-json\/wp\/v2\/users\/1"}],"replies":[{"embeddable":true,"href":"https:\/\/www.bcmtrade.rs\/19\/wp-json\/wp\/v2\/comments?post=394"}],"version-history":[{"count":96,"href":"https:\/\/www.bcmtrade.rs\/19\/wp-json\/wp\/v2\/pages\/394\/revisions"}],"predecessor-version":[{"id":3225,"href":"https:\/\/www.bcmtrade.rs\/19\/wp-json\/wp\/v2\/pages\/394\/revisions\/3225"}],"wp:attachment":[{"href":"https:\/\/www.bcmtrade.rs\/19\/wp-json\/wp\/v2\/media?parent=394"}],"curies":[{"name":"wp","href":"https:\/\/api.w.org\/{rel}","templated":true}]}}