{"id":588,"date":"2019-02-05T23:59:37","date_gmt":"2019-02-05T22:59:37","guid":{"rendered":"https:\/\/bcm.of.rs\/wp49\/?page_id=588"},"modified":"2024-11-19T19:58:02","modified_gmt":"2024-11-19T18:58:02","slug":"bcm-trade-vesti","status":"publish","type":"page","link":"https:\/\/www.bcmtrade.rs\/19\/bcm-trade-vesti\/","title":{"rendered":"BCM Trade Vesti"},"content":{"rendered":"\t\t<div data-elementor-type=\"wp-post\" data-elementor-id=\"588\" class=\"elementor elementor-588\">\n\t\t\t\t\t\t<section class=\"elementor-section elementor-top-section elementor-element elementor-element-570986a elementor-section-stretched elementor-section-boxed elementor-section-height-default elementor-section-height-default\" data-id=\"570986a\" data-element_type=\"section\" data-settings=\"{&quot;stretch_section&quot;:&quot;section-stretched&quot;,&quot;background_background&quot;:&quot;classic&quot;}\">\n\t\t\t\t\t\t<div class=\"elementor-container elementor-column-gap-default\">\n\t\t\t\t\t<div class=\"elementor-column elementor-col-100 elementor-top-column elementor-element elementor-element-9ab8667\" data-id=\"9ab8667\" data-element_type=\"column\" data-settings=\"{&quot;background_background&quot;:&quot;classic&quot;}\">\n\t\t\t<div class=\"elementor-widget-wrap elementor-element-populated\">\n\t\t\t\t\t\t<div class=\"elementor-element elementor-element-a92d40c elementor-widget elementor-widget-heading\" data-id=\"a92d40c\" data-element_type=\"widget\" data-widget_type=\"heading.default\">\n\t\t\t\t<div class=\"elementor-widget-container\">\n\t\t\t\t\t<h2 class=\"elementor-heading-title elementor-size-default\">Nova lokacija Baranda!<\/h2>\t\t\t\t<\/div>\n\t\t\t\t<\/div>\n\t\t\t\t<div class=\"elementor-element elementor-element-b0d183d elementor-widget__width-initial elementor-widget elementor-widget-text-editor\" data-id=\"b0d183d\" data-element_type=\"widget\" data-widget_type=\"text-editor.default\">\n\t\t\t\t<div class=\"elementor-widget-container\">\n\t\t\t\t\t\t\t\t\t<h3><strong>BCM Trade je po\u010deo sa izgradnjom novog silosa na novoj lokaciji Baranda, op\u0161tina Opovo.<\/strong>\u00a0<\/h3><p><img decoding=\"async\" class=\"alignnone size-medium wp-image-2791\" src=\"https:\/\/www.bcmtrade.rs\/19\/wp-content\/uploads\/2024\/11\/111-300x135.jpg\" alt=\"\" width=\"300\" height=\"135\" srcset=\"https:\/\/www.bcmtrade.rs\/19\/wp-content\/uploads\/2024\/11\/111-300x135.jpg 300w, https:\/\/www.bcmtrade.rs\/19\/wp-content\/uploads\/2024\/11\/111-1024x461.jpg 1024w, https:\/\/www.bcmtrade.rs\/19\/wp-content\/uploads\/2024\/11\/111-768x346.jpg 768w, https:\/\/www.bcmtrade.rs\/19\/wp-content\/uploads\/2024\/11\/111-1536x692.jpg 1536w, https:\/\/www.bcmtrade.rs\/19\/wp-content\/uploads\/2024\/11\/111-18x8.jpg 18w, https:\/\/www.bcmtrade.rs\/19\/wp-content\/uploads\/2024\/11\/111.jpg 1600w\" sizes=\"(max-width: 300px) 100vw, 300px\" \/> <img decoding=\"async\" class=\"alignnone size-medium wp-image-2792\" src=\"https:\/\/www.bcmtrade.rs\/19\/wp-content\/uploads\/2024\/11\/112-300x135.jpg\" alt=\"\" width=\"300\" height=\"135\" srcset=\"https:\/\/www.bcmtrade.rs\/19\/wp-content\/uploads\/2024\/11\/112-300x135.jpg 300w, https:\/\/www.bcmtrade.rs\/19\/wp-content\/uploads\/2024\/11\/112-1024x461.jpg 1024w, https:\/\/www.bcmtrade.rs\/19\/wp-content\/uploads\/2024\/11\/112-768x346.jpg 768w, https:\/\/www.bcmtrade.rs\/19\/wp-content\/uploads\/2024\/11\/112-1536x692.jpg 1536w, https:\/\/www.bcmtrade.rs\/19\/wp-content\/uploads\/2024\/11\/112-18x8.jpg 18w, https:\/\/www.bcmtrade.rs\/19\/wp-content\/uploads\/2024\/11\/112.jpg 1600w\" sizes=\"(max-width: 300px) 100vw, 300px\" \/> <img decoding=\"async\" class=\"alignnone size-medium wp-image-2793\" src=\"https:\/\/www.bcmtrade.rs\/19\/wp-content\/uploads\/2024\/11\/113-300x135.jpg\" alt=\"\" width=\"300\" height=\"135\" srcset=\"https:\/\/www.bcmtrade.rs\/19\/wp-content\/uploads\/2024\/11\/113-300x135.jpg 300w, https:\/\/www.bcmtrade.rs\/19\/wp-content\/uploads\/2024\/11\/113-1024x461.jpg 1024w, https:\/\/www.bcmtrade.rs\/19\/wp-content\/uploads\/2024\/11\/113-768x346.jpg 768w, https:\/\/www.bcmtrade.rs\/19\/wp-content\/uploads\/2024\/11\/113-1536x692.jpg 1536w, https:\/\/www.bcmtrade.rs\/19\/wp-content\/uploads\/2024\/11\/113-18x8.jpg 18w, https:\/\/www.bcmtrade.rs\/19\/wp-content\/uploads\/2024\/11\/113.jpg 1600w\" sizes=\"(max-width: 300px) 100vw, 300px\" \/> <img loading=\"lazy\" decoding=\"async\" class=\"alignnone size-medium wp-image-2794\" src=\"https:\/\/www.bcmtrade.rs\/19\/wp-content\/uploads\/2024\/11\/114-300x135.jpg\" alt=\"\" width=\"300\" height=\"135\" srcset=\"https:\/\/www.bcmtrade.rs\/19\/wp-content\/uploads\/2024\/11\/114-300x135.jpg 300w, https:\/\/www.bcmtrade.rs\/19\/wp-content\/uploads\/2024\/11\/114-1024x461.jpg 1024w, https:\/\/www.bcmtrade.rs\/19\/wp-content\/uploads\/2024\/11\/114-768x346.jpg 768w, https:\/\/www.bcmtrade.rs\/19\/wp-content\/uploads\/2024\/11\/114-1536x692.jpg 1536w, https:\/\/www.bcmtrade.rs\/19\/wp-content\/uploads\/2024\/11\/114-18x8.jpg 18w, https:\/\/www.bcmtrade.rs\/19\/wp-content\/uploads\/2024\/11\/114.jpg 1600w\" sizes=\"(max-width: 300px) 100vw, 300px\" \/> <img loading=\"lazy\" decoding=\"async\" class=\"alignnone size-medium wp-image-2795\" src=\"https:\/\/www.bcmtrade.rs\/19\/wp-content\/uploads\/2024\/11\/115-300x135.jpg\" alt=\"\" width=\"300\" height=\"135\" srcset=\"https:\/\/www.bcmtrade.rs\/19\/wp-content\/uploads\/2024\/11\/115-300x135.jpg 300w, https:\/\/www.bcmtrade.rs\/19\/wp-content\/uploads\/2024\/11\/115-1024x461.jpg 1024w, https:\/\/www.bcmtrade.rs\/19\/wp-content\/uploads\/2024\/11\/115-768x346.jpg 768w, https:\/\/www.bcmtrade.rs\/19\/wp-content\/uploads\/2024\/11\/115-1536x692.jpg 1536w, https:\/\/www.bcmtrade.rs\/19\/wp-content\/uploads\/2024\/11\/115-18x8.jpg 18w, https:\/\/www.bcmtrade.rs\/19\/wp-content\/uploads\/2024\/11\/115.jpg 1600w\" sizes=\"(max-width: 300px) 100vw, 300px\" \/><\/p>\t\t\t\t\t\t\t\t<\/div>\n\t\t\t\t<\/div>\n\t\t\t\t\t<\/div>\n\t\t<\/div>\n\t\t\t\t\t<\/div>\n\t\t<\/section>\n\t\t\t\t<section class=\"elementor-section elementor-top-section elementor-element elementor-element-516bef4 elementor-section-stretched elementor-section-boxed elementor-section-height-default elementor-section-height-default\" data-id=\"516bef4\" data-element_type=\"section\" data-settings=\"{&quot;stretch_section&quot;:&quot;section-stretched&quot;}\">\n\t\t\t\t\t\t<div class=\"elementor-container elementor-column-gap-default\">\n\t\t\t\t\t<div class=\"elementor-column elementor-col-33 elementor-top-column elementor-element elementor-element-c15805d\" data-id=\"c15805d\" data-element_type=\"column\" data-settings=\"{&quot;background_background&quot;:&quot;classic&quot;}\">\n\t\t\t<div class=\"elementor-widget-wrap elementor-element-populated\">\n\t\t\t\t\t\t<div class=\"elementor-element elementor-element-40c23fd elementor-widget elementor-widget-toggle\" data-id=\"40c23fd\" data-element_type=\"widget\" data-widget_type=\"toggle.default\">\n\t\t\t\t<div class=\"elementor-widget-container\">\n\t\t\t\t\t\t\t<div class=\"elementor-toggle\">\n\t\t\t\t\t\t\t<div class=\"elementor-toggle-item\">\n\t\t\t\t\t<div id=\"elementor-tab-title-6791\" class=\"elementor-tab-title\" data-tab=\"1\" role=\"button\" aria-controls=\"elementor-tab-content-6791\" aria-expanded=\"false\">\n\t\t\t\t\t\t\t\t\t\t\t\t<span class=\"elementor-toggle-icon elementor-toggle-icon-left\" aria-hidden=\"true\">\n\t\t\t\t\t\t\t\t\t\t\t\t\t\t\t<i class=\"elementor-toggle-icon-closed fa fa-caret-right\"><\/i>\n\t\t\t\t\t\t\t\t<i class=\"elementor-toggle-icon-opened fa fa-caret-up\"><\/i>\n\t\t\t\t\t\t\t\t\t\t\t\t\t<\/span>\n\t\t\t\t\t\t\t\t\t\t\t\t<a class=\"elementor-toggle-title\" tabindex=\"0\">Euronext 1<\/a>\n\t\t\t\t\t<\/div>\n\n\t\t\t\t\t<div id=\"elementor-tab-content-6791\" class=\"elementor-tab-content elementor-clearfix\" data-tab=\"1\" role=\"region\" aria-labelledby=\"elementor-tab-title-6791\"><h4 id=\"page-title\" class=\"title\">CORN FUTURES<\/h4><h4><a href=\"https:\/\/derivatives.euronext.com\/en\/products\/commodities-futures\/EMA-DPAR\">https:\/\/derivatives.euronext.com\/en\/products\/commodities-futures\/EMA-DPAR<\/a><\/h4><\/div>\n\t\t\t\t<\/div>\n\t\t\t\t\t\t\t<div class=\"elementor-toggle-item\">\n\t\t\t\t\t<div id=\"elementor-tab-title-6792\" class=\"elementor-tab-title\" data-tab=\"2\" role=\"button\" aria-controls=\"elementor-tab-content-6792\" aria-expanded=\"false\">\n\t\t\t\t\t\t\t\t\t\t\t\t<span class=\"elementor-toggle-icon elementor-toggle-icon-left\" aria-hidden=\"true\">\n\t\t\t\t\t\t\t\t\t\t\t\t\t\t\t<i class=\"elementor-toggle-icon-closed fa fa-caret-right\"><\/i>\n\t\t\t\t\t\t\t\t<i class=\"elementor-toggle-icon-opened fa fa-caret-up\"><\/i>\n\t\t\t\t\t\t\t\t\t\t\t\t\t<\/span>\n\t\t\t\t\t\t\t\t\t\t\t\t<a class=\"elementor-toggle-title\" tabindex=\"0\">Euronext 2<\/a>\n\t\t\t\t\t<\/div>\n\n\t\t\t\t\t<div id=\"elementor-tab-content-6792\" class=\"elementor-tab-content elementor-clearfix\" data-tab=\"2\" role=\"region\" aria-labelledby=\"elementor-tab-title-6792\"><h4>MILLING WHEAT FUTURES<\/h4><h4><a href=\"https:\/\/derivatives.euronext.com\/en\/products\/commodities-futures\/EBM-DPAR\">https:\/\/derivatives.euronext.com\/en\/products\/commodities-futures\/EBM-DPAR<\/a><\/h4><\/div>\n\t\t\t\t<\/div>\n\t\t\t\t\t\t\t<div class=\"elementor-toggle-item\">\n\t\t\t\t\t<div id=\"elementor-tab-title-6793\" class=\"elementor-tab-title\" data-tab=\"3\" role=\"button\" aria-controls=\"elementor-tab-content-6793\" aria-expanded=\"false\">\n\t\t\t\t\t\t\t\t\t\t\t\t<span class=\"elementor-toggle-icon elementor-toggle-icon-left\" aria-hidden=\"true\">\n\t\t\t\t\t\t\t\t\t\t\t\t\t\t\t<i class=\"elementor-toggle-icon-closed fa fa-caret-right\"><\/i>\n\t\t\t\t\t\t\t\t<i class=\"elementor-toggle-icon-opened fa fa-caret-up\"><\/i>\n\t\t\t\t\t\t\t\t\t\t\t\t\t<\/span>\n\t\t\t\t\t\t\t\t\t\t\t\t<a class=\"elementor-toggle-title\" tabindex=\"0\">Cmegroup 1<\/a>\n\t\t\t\t\t<\/div>\n\n\t\t\t\t\t<div id=\"elementor-tab-content-6793\" class=\"elementor-tab-content elementor-clearfix\" data-tab=\"3\" role=\"region\" aria-labelledby=\"elementor-tab-title-6793\"><h3><span id=\"productName\">Corn Futures\u00a0<\/span>Quotes<span class=\"cmeSubHeading\">Globex<\/span><\/h3><h4><a href=\"https:\/\/www.cmegroup.com\/trading\/agricultural\/grain-and-oilseed\/corn.html\">https:\/\/www.cmegroup.com\/trading\/agricultural\/grain-and-oilseed\/corn.html<\/a><\/h4><\/div>\n\t\t\t\t<\/div>\n\t\t\t\t\t\t\t<div class=\"elementor-toggle-item\">\n\t\t\t\t\t<div id=\"elementor-tab-title-6794\" class=\"elementor-tab-title\" data-tab=\"4\" role=\"button\" aria-controls=\"elementor-tab-content-6794\" aria-expanded=\"false\">\n\t\t\t\t\t\t\t\t\t\t\t\t<span class=\"elementor-toggle-icon elementor-toggle-icon-left\" aria-hidden=\"true\">\n\t\t\t\t\t\t\t\t\t\t\t\t\t\t\t<i class=\"elementor-toggle-icon-closed fa fa-caret-right\"><\/i>\n\t\t\t\t\t\t\t\t<i class=\"elementor-toggle-icon-opened fa fa-caret-up\"><\/i>\n\t\t\t\t\t\t\t\t\t\t\t\t\t<\/span>\n\t\t\t\t\t\t\t\t\t\t\t\t<a class=\"elementor-toggle-title\" tabindex=\"0\">Cmegroup 2<\/a>\n\t\t\t\t\t<\/div>\n\n\t\t\t\t\t<div id=\"elementor-tab-content-6794\" class=\"elementor-tab-content elementor-clearfix\" data-tab=\"4\" role=\"region\" aria-labelledby=\"elementor-tab-title-6794\"><h3><span id=\"productName\">Chicago SRW Wheat Futures<\/span>Quotes<span class=\"cmeSubHeading\">Globex<\/span><\/h3><h4><a href=\"https:\/\/www.cmegroup.com\/trading\/agricultural\/grain-and-oilseed\/wheat.html\">https:\/\/www.cmegroup.com\/trading\/agricultural\/grain-and-oilseed\/wheat.html<\/a><\/h4><\/div>\n\t\t\t\t<\/div>\n\t\t\t\t\t\t\t\t<\/div>\n\t\t\t\t\t\t<\/div>\n\t\t\t\t<\/div>\n\t\t\t\t\t<\/div>\n\t\t<\/div>\n\t\t\t\t<div class=\"elementor-column elementor-col-33 elementor-top-column elementor-element elementor-element-5f63985\" data-id=\"5f63985\" data-element_type=\"column\" data-settings=\"{&quot;background_background&quot;:&quot;classic&quot;}\">\n\t\t\t<div class=\"elementor-widget-wrap elementor-element-populated\">\n\t\t\t\t\t\t<div class=\"elementor-element elementor-element-a1ed305 elementor-widget elementor-widget-toggle\" data-id=\"a1ed305\" data-element_type=\"widget\" data-widget_type=\"toggle.default\">\n\t\t\t\t<div class=\"elementor-widget-container\">\n\t\t\t\t\t\t\t<div class=\"elementor-toggle\">\n\t\t\t\t\t\t\t<div class=\"elementor-toggle-item\">\n\t\t\t\t\t<div id=\"elementor-tab-title-1691\" class=\"elementor-tab-title\" data-tab=\"1\" role=\"button\" aria-controls=\"elementor-tab-content-1691\" aria-expanded=\"false\">\n\t\t\t\t\t\t\t\t\t\t\t\t<span class=\"elementor-toggle-icon elementor-toggle-icon-left\" aria-hidden=\"true\">\n\t\t\t\t\t\t\t\t\t\t\t\t\t\t\t<i class=\"elementor-toggle-icon-closed fa fa-caret-right\"><\/i>\n\t\t\t\t\t\t\t\t<i class=\"elementor-toggle-icon-opened fa fa-caret-up\"><\/i>\n\t\t\t\t\t\t\t\t\t\t\t\t\t<\/span>\n\t\t\t\t\t\t\t\t\t\t\t\t<a class=\"elementor-toggle-title\" tabindex=\"0\">Farka\u017edin<\/a>\n\t\t\t\t\t<\/div>\n\n\t\t\t\t\t<div id=\"elementor-tab-content-1691\" class=\"elementor-tab-content elementor-clearfix\" data-tab=\"1\" role=\"region\" aria-labelledby=\"elementor-tab-title-1691\"><h4 style=\"font-style: normal;\">Otvoreno novo otkupno mesto u Farka\u017edinu, adresa Toze Markovi\u0107a 55, op\u0161tina Zrenjanin.<\/h4><\/div>\n\t\t\t\t<\/div>\n\t\t\t\t\t\t\t\t<\/div>\n\t\t\t\t\t\t<\/div>\n\t\t\t\t<\/div>\n\t\t\t\t\t<\/div>\n\t\t<\/div>\n\t\t\t\t<div class=\"elementor-column elementor-col-33 elementor-top-column elementor-element elementor-element-4dcb666\" data-id=\"4dcb666\" data-element_type=\"column\" data-settings=\"{&quot;background_background&quot;:&quot;classic&quot;}\">\n\t\t\t<div class=\"elementor-widget-wrap elementor-element-populated\">\n\t\t\t\t\t\t\t<\/div>\n\t\t<\/div>\n\t\t\t\t\t<\/div>\n\t\t<\/section>\n\t\t\t\t<section class=\"elementor-section elementor-top-section elementor-element elementor-element-f4a4de6 elementor-section-stretched elementor-section-boxed elementor-section-height-default elementor-section-height-default\" data-id=\"f4a4de6\" data-element_type=\"section\" data-settings=\"{&quot;stretch_section&quot;:&quot;section-stretched&quot;,&quot;background_background&quot;:&quot;classic&quot;}\">\n\t\t\t\t\t\t<div class=\"elementor-container elementor-column-gap-default\">\n\t\t\t\t\t<div class=\"elementor-column elementor-col-100 elementor-top-column elementor-element elementor-element-7a33c75\" data-id=\"7a33c75\" data-element_type=\"column\" data-settings=\"{&quot;background_background&quot;:&quot;classic&quot;}\">\n\t\t\t<div class=\"elementor-widget-wrap elementor-element-populated\">\n\t\t\t\t\t\t\t<\/div>\n\t\t<\/div>\n\t\t\t\t\t<\/div>\n\t\t<\/section>\n\t\t\t\t<section class=\"elementor-section elementor-top-section elementor-element elementor-element-d5341ec elementor-section-stretched elementor-section-boxed elementor-section-height-default elementor-section-height-default\" data-id=\"d5341ec\" data-element_type=\"section\" data-settings=\"{&quot;stretch_section&quot;:&quot;section-stretched&quot;,&quot;background_background&quot;:&quot;classic&quot;}\">\n\t\t\t\t\t\t<div class=\"elementor-container elementor-column-gap-default\">\n\t\t\t\t\t<div class=\"elementor-column elementor-col-100 elementor-top-column elementor-element elementor-element-aaad050\" data-id=\"aaad050\" data-element_type=\"column\" data-settings=\"{&quot;background_background&quot;:&quot;classic&quot;}\">\n\t\t\t<div class=\"elementor-widget-wrap elementor-element-populated\">\n\t\t\t\t\t\t<div class=\"elementor-element elementor-element-09fba0e elementor-widget elementor-widget-video\" data-id=\"09fba0e\" data-element_type=\"widget\" data-settings=\"{&quot;youtube_url&quot;:&quot;https:\\\/\\\/www.youtube.com\\\/watch?v=lI2Jb5yPhqM&quot;,&quot;video_type&quot;:&quot;youtube&quot;,&quot;controls&quot;:&quot;yes&quot;}\" data-widget_type=\"video.default\">\n\t\t\t\t<div class=\"elementor-widget-container\">\n\t\t\t\t\t\t\t<div class=\"elementor-wrapper elementor-open-inline\">\n\t\t\t<div class=\"elementor-video\"><\/div>\t\t<\/div>\n\t\t\t\t\t\t<\/div>\n\t\t\t\t<\/div>\n\t\t\t\t\t<\/div>\n\t\t<\/div>\n\t\t\t\t\t<\/div>\n\t\t<\/section>\n\t\t\t\t<section class=\"elementor-section elementor-top-section elementor-element elementor-element-eecf0f4 elementor-section-stretched elementor-section-boxed elementor-section-height-default elementor-section-height-default\" data-id=\"eecf0f4\" data-element_type=\"section\" data-settings=\"{&quot;stretch_section&quot;:&quot;section-stretched&quot;,&quot;background_background&quot;:&quot;classic&quot;}\">\n\t\t\t\t\t\t<div class=\"elementor-container elementor-column-gap-default\">\n\t\t\t\t\t<div class=\"elementor-column elementor-col-100 elementor-top-column elementor-element elementor-element-fe4e1ce\" data-id=\"fe4e1ce\" data-element_type=\"column\" data-settings=\"{&quot;background_background&quot;:&quot;classic&quot;}\">\n\t\t\t<div class=\"elementor-widget-wrap elementor-element-populated\">\n\t\t\t\t\t\t<section class=\"elementor-section elementor-inner-section elementor-element elementor-element-785ac4d elementor-section-boxed elementor-section-height-default elementor-section-height-default\" data-id=\"785ac4d\" data-element_type=\"section\">\n\t\t\t\t\t\t<div class=\"elementor-container elementor-column-gap-default\">\n\t\t\t\t\t<div class=\"elementor-column elementor-col-50 elementor-inner-column elementor-element elementor-element-6934876\" data-id=\"6934876\" data-element_type=\"column\" data-settings=\"{&quot;background_background&quot;:&quot;classic&quot;}\">\n\t\t\t<div class=\"elementor-widget-wrap elementor-element-populated\">\n\t\t\t\t\t\t<div class=\"elementor-element elementor-element-15e883f elementor-widget elementor-widget-heading\" data-id=\"15e883f\" data-element_type=\"widget\" data-widget_type=\"heading.default\">\n\t\t\t\t<div class=\"elementor-widget-container\">\n\t\t\t\t\t<h2 class=\"elementor-heading-title elementor-size-default\">POSAO<\/h2>\t\t\t\t<\/div>\n\t\t\t\t<\/div>\n\t\t\t\t<div class=\"elementor-element elementor-element-38acd15 elementor-widget elementor-widget-text-editor\" data-id=\"38acd15\" data-element_type=\"widget\" data-widget_type=\"text-editor.default\">\n\t\t\t\t<div class=\"elementor-widget-container\">\n\t\t\t\t\t\t\t\t\t<h4 style=\"text-align: center;\"><span style=\"color: #000000;\">BCM TRADE ima otvoren konkurs<\/span><\/h4>\t\t\t\t\t\t\t\t<\/div>\n\t\t\t\t<\/div>\n\t\t\t\t<div class=\"elementor-element elementor-element-3c40383 elementor-view-default elementor-widget elementor-widget-icon\" data-id=\"3c40383\" data-element_type=\"widget\" data-widget_type=\"icon.default\">\n\t\t\t\t<div class=\"elementor-widget-container\">\n\t\t\t\t\t\t\t<div class=\"elementor-icon-wrapper\">\n\t\t\t<a class=\"elementor-icon\" href=\"http:\/\/www.bcmtrade.rs\/19\/posao\/\">\n\t\t\t\t\t\t\t<i class=\"fa fa-arrow-circle-right\" aria-hidden=\"true\"><\/i>\n\t\t\t\t\t\t<\/a>\n\t\t<\/div>\n\t\t\t\t\t\t<\/div>\n\t\t\t\t<\/div>\n\t\t\t\t\t<\/div>\n\t\t<\/div>\n\t\t\t\t<div class=\"elementor-column elementor-col-50 elementor-inner-column elementor-element elementor-element-816c1a9\" data-id=\"816c1a9\" data-element_type=\"column\">\n\t\t\t<div class=\"elementor-widget-wrap elementor-element-populated\">\n\t\t\t\t\t\t<div class=\"elementor-element elementor-element-6b5eb9c elementor-widget elementor-widget-image\" data-id=\"6b5eb9c\" data-element_type=\"widget\" data-widget_type=\"image.default\">\n\t\t\t\t<div class=\"elementor-widget-container\">\n\t\t\t\t\t\t\t\t\t\t\t\t\t\t\t<img loading=\"lazy\" decoding=\"async\" width=\"600\" height=\"285\" src=\"https:\/\/www.bcmtrade.rs\/19\/wp-content\/uploads\/2019\/02\/posao-600x285.jpg\" class=\"attachment-column1-1\/4 size-column1-1\/4 wp-image-601\" alt=\"\" \/>\t\t\t\t\t\t\t\t\t\t\t\t\t\t\t<\/div>\n\t\t\t\t<\/div>\n\t\t\t\t\t<\/div>\n\t\t<\/div>\n\t\t\t\t\t<\/div>\n\t\t<\/section>\n\t\t\t\t\t<\/div>\n\t\t<\/div>\n\t\t\t\t\t<\/div>\n\t\t<\/section>\n\t\t\t\t<\/div>\n\t\t","protected":false},"excerpt":{"rendered":"<p>Nova lokacija Baranda! BCM Trade je po\u010deo sa izgradnjom novog silosa na novoj lokaciji Baranda, op\u0161tina Opovo.\u00a0 Euronext 1 CORN FUTURES https:\/\/derivatives.euronext.com\/en\/products\/commodities-futures\/EMA-DPAR Euronext 2 MILLING WHEAT FUTURES https:\/\/derivatives.euronext.com\/en\/products\/commodities-futures\/EBM-DPAR Cmegroup 1 Corn Futures\u00a0QuotesGlobex https:\/\/www.cmegroup.com\/trading\/agricultural\/grain-and-oilseed\/corn.html Cmegroup 2 Chicago SRW Wheat FuturesQuotesGlobex https:\/\/www.cmegroup.com\/trading\/agricultural\/grain-and-oilseed\/wheat.html Farka\u017edin Otvoreno novo otkupno mesto u Farka\u017edinu, adresa Toze Markovi\u0107a 55, op\u0161tina Zrenjanin. POSAO BCM<\/p>\n<p class=\"more-link\"><a href=\"https:\/\/www.bcmtrade.rs\/19\/bcm-trade-vesti\/\" class=\"themebutton2\">Read More<\/a><\/p>\n","protected":false},"author":1,"featured_media":0,"parent":0,"menu_order":0,"comment_status":"closed","ping_status":"closed","template":"elementor_header_footer","meta":{"footnotes":""},"class_list":["post-588","page","type-page","status-publish","hentry"],"_links":{"self":[{"href":"https:\/\/www.bcmtrade.rs\/19\/wp-json\/wp\/v2\/pages\/588"}],"collection":[{"href":"https:\/\/www.bcmtrade.rs\/19\/wp-json\/wp\/v2\/pages"}],"about":[{"href":"https:\/\/www.bcmtrade.rs\/19\/wp-json\/wp\/v2\/types\/page"}],"author":[{"embeddable":true,"href":"https:\/\/www.bcmtrade.rs\/19\/wp-json\/wp\/v2\/users\/1"}],"replies":[{"embeddable":true,"href":"https:\/\/www.bcmtrade.rs\/19\/wp-json\/wp\/v2\/comments?post=588"}],"version-history":[{"count":35,"href":"https:\/\/www.bcmtrade.rs\/19\/wp-json\/wp\/v2\/pages\/588\/revisions"}],"predecessor-version":[{"id":2799,"href":"https:\/\/www.bcmtrade.rs\/19\/wp-json\/wp\/v2\/pages\/588\/revisions\/2799"}],"wp:attachment":[{"href":"https:\/\/www.bcmtrade.rs\/19\/wp-json\/wp\/v2\/media?parent=588"}],"curies":[{"name":"wp","href":"https:\/\/api.w.org\/{rel}","templated":true}]}}