{"id":856,"date":"2019-02-12T18:37:49","date_gmt":"2019-02-12T17:37:49","guid":{"rendered":"https:\/\/bcm.of.rs\/wp49\/?page_id=856"},"modified":"2025-11-18T11:49:21","modified_gmt":"2025-11-18T10:49:21","slug":"kooperacija","status":"publish","type":"page","link":"https:\/\/www.bcmtrade.rs\/19\/kooperacija\/","title":{"rendered":"Kooperacija"},"content":{"rendered":"\t\t<div data-elementor-type=\"wp-post\" data-elementor-id=\"856\" class=\"elementor elementor-856\">\n\t\t\t\t\t\t<section class=\"elementor-section elementor-top-section elementor-element elementor-element-6c95a5a elementor-section-stretched elementor-section-boxed elementor-section-height-default elementor-section-height-default\" data-id=\"6c95a5a\" data-element_type=\"section\" data-settings=\"{&quot;stretch_section&quot;:&quot;section-stretched&quot;,&quot;background_background&quot;:&quot;classic&quot;}\">\n\t\t\t\t\t\t<div class=\"elementor-container elementor-column-gap-default\">\n\t\t\t\t\t<div class=\"elementor-column elementor-col-50 elementor-top-column elementor-element elementor-element-2f237a8\" data-id=\"2f237a8\" data-element_type=\"column\" data-settings=\"{&quot;background_background&quot;:&quot;classic&quot;}\">\n\t\t\t<div class=\"elementor-widget-wrap elementor-element-populated\">\n\t\t\t\t\t\t<div class=\"elementor-element elementor-element-73fe401 elementor-widget elementor-widget-text-editor\" data-id=\"73fe401\" data-element_type=\"widget\" data-widget_type=\"text-editor.default\">\n\t\t\t\t<div class=\"elementor-widget-container\">\n\t\t\t\t\t\t\t\t\t<h3>\u00a0<\/h3><h3 style=\"text-align: left;\"><strong>BCM TRADE <\/strong>vr\u0161i nabavku mineralnih \u0111ubriva i semena i njihovu dalju distribuciju na doma\u0107em tr\u017ei\u0161tu.<\/h3>\t\t\t\t\t\t\t\t<\/div>\n\t\t\t\t<\/div>\n\t\t\t\t<div class=\"elementor-element elementor-element-7df1730 elementor-widget elementor-widget-text-editor\" data-id=\"7df1730\" data-element_type=\"widget\" data-widget_type=\"text-editor.default\">\n\t\t\t\t<div class=\"elementor-widget-container\">\n\t\t\t\t\t\t\t\t\t<h3 style=\"text-align: left;\"><strong>BCM TRADE<\/strong> u svojim silosima i magacinima obezbe\u0111uje uslu\u017eno skladi\u0161tenje, su\u0161enje poljoprivrednih proizvoda i otkup po tr\u017ei\u0161nim cenama. Sigurnim plasmanom proizvoda BCM\u00a0TRADE razvija kooperantske odnose sa poljoprivrednim proizvo\u0111a\u010dima.\u00a0<br \/>Svojim kooperantima obezbe\u0111uje sav repromaterijal neophodan za\u00a0poljoprivrednu proizvodnju.<\/h3><p><img fetchpriority=\"high\" decoding=\"async\" class=\"wp-image-1571 size-column3-2\/5 aligncenter\" src=\"http:\/\/www.bcmtrade.rs\/19\/wp-content\/uploads\/2019\/04\/sales-380x152.jpg\" alt=\"\" width=\"380\" height=\"152\" \/><\/p>\t\t\t\t\t\t\t\t<\/div>\n\t\t\t\t<\/div>\n\t\t\t\t\t<\/div>\n\t\t<\/div>\n\t\t\t\t<div class=\"elementor-column elementor-col-50 elementor-top-column elementor-element elementor-element-2ba891c\" data-id=\"2ba891c\" data-element_type=\"column\" data-settings=\"{&quot;background_background&quot;:&quot;classic&quot;}\">\n\t\t\t<div class=\"elementor-widget-wrap elementor-element-populated\">\n\t\t\t\t\t\t<section class=\"elementor-section elementor-inner-section elementor-element elementor-element-ac6ff48 elementor-section-boxed elementor-section-height-default elementor-section-height-default\" data-id=\"ac6ff48\" data-element_type=\"section\">\n\t\t\t\t\t\t<div class=\"elementor-container elementor-column-gap-default\">\n\t\t\t\t\t<div class=\"elementor-column elementor-col-100 elementor-inner-column elementor-element elementor-element-6479feb\" data-id=\"6479feb\" data-element_type=\"column\">\n\t\t\t<div class=\"elementor-widget-wrap elementor-element-populated\">\n\t\t\t\t\t\t<div class=\"elementor-element elementor-element-9de798e elementor-position-left elementor-vertical-align-top elementor-widget elementor-widget-image-box\" data-id=\"9de798e\" data-element_type=\"widget\" data-widget_type=\"image-box.default\">\n\t\t\t\t<div class=\"elementor-widget-container\">\n\t\t\t\t\t<div class=\"elementor-image-box-wrapper\"><figure class=\"elementor-image-box-img\"><img decoding=\"async\" width=\"401\" height=\"237\" src=\"https:\/\/www.bcmtrade.rs\/19\/wp-content\/uploads\/2019\/02\/kontakt.png\" class=\"attachment-full size-full wp-image-728\" alt=\"\" srcset=\"https:\/\/www.bcmtrade.rs\/19\/wp-content\/uploads\/2019\/02\/kontakt.png 401w, https:\/\/www.bcmtrade.rs\/19\/wp-content\/uploads\/2019\/02\/kontakt-300x177.png 300w\" sizes=\"(max-width: 401px) 100vw, 401px\" \/><\/figure><div class=\"elementor-image-box-content\"><h3 class=\"elementor-image-box-title\">Centrala:  Vlada Lukovi\u0107<\/h3><p class=\"elementor-image-box-description\">Tel. 063\/282942\nEmail:vlada.lukovic@bcmtrade.rs<\/p><\/div><\/div>\t\t\t\t<\/div>\n\t\t\t\t<\/div>\n\t\t\t\t<div class=\"elementor-element elementor-element-557c5fe elementor-position-left elementor-vertical-align-top elementor-widget elementor-widget-image-box\" data-id=\"557c5fe\" data-element_type=\"widget\" data-widget_type=\"image-box.default\">\n\t\t\t\t<div class=\"elementor-widget-container\">\n\t\t\t\t\t<div class=\"elementor-image-box-wrapper\"><figure class=\"elementor-image-box-img\"><img decoding=\"async\" width=\"401\" height=\"237\" src=\"https:\/\/www.bcmtrade.rs\/19\/wp-content\/uploads\/2019\/02\/kontakt.png\" class=\"attachment-full size-full wp-image-728\" alt=\"\" srcset=\"https:\/\/www.bcmtrade.rs\/19\/wp-content\/uploads\/2019\/02\/kontakt.png 401w, https:\/\/www.bcmtrade.rs\/19\/wp-content\/uploads\/2019\/02\/kontakt-300x177.png 300w\" sizes=\"(max-width: 401px) 100vw, 401px\" \/><\/figure><div class=\"elementor-image-box-content\"><h3 class=\"elementor-image-box-title\">Kontakt PJ Idvor: Popovi\u0107 Nikola<\/h3><p class=\"elementor-image-box-description\">Tel. 062\/8861926\nEmail:idvor@bcmtrade.rs<\/p><\/div><\/div>\t\t\t\t<\/div>\n\t\t\t\t<\/div>\n\t\t\t\t\t<\/div>\n\t\t<\/div>\n\t\t\t\t\t<\/div>\n\t\t<\/section>\n\t\t\t\t<section class=\"elementor-section elementor-inner-section elementor-element elementor-element-2f55ca5 elementor-section-boxed elementor-section-height-default elementor-section-height-default\" data-id=\"2f55ca5\" data-element_type=\"section\">\n\t\t\t\t\t\t<div class=\"elementor-container elementor-column-gap-default\">\n\t\t\t\t\t<div class=\"elementor-column elementor-col-100 elementor-inner-column elementor-element elementor-element-e1bed47\" data-id=\"e1bed47\" data-element_type=\"column\">\n\t\t\t<div class=\"elementor-widget-wrap elementor-element-populated\">\n\t\t\t\t\t\t<div class=\"elementor-element elementor-element-b7070d5 elementor-position-left elementor-vertical-align-top elementor-widget elementor-widget-image-box\" data-id=\"b7070d5\" data-element_type=\"widget\" data-widget_type=\"image-box.default\">\n\t\t\t\t<div class=\"elementor-widget-container\">\n\t\t\t\t\t<div class=\"elementor-image-box-wrapper\"><figure class=\"elementor-image-box-img\"><img decoding=\"async\" width=\"401\" height=\"237\" src=\"https:\/\/www.bcmtrade.rs\/19\/wp-content\/uploads\/2019\/02\/kontakt.png\" class=\"attachment-full size-full wp-image-728\" alt=\"\" srcset=\"https:\/\/www.bcmtrade.rs\/19\/wp-content\/uploads\/2019\/02\/kontakt.png 401w, https:\/\/www.bcmtrade.rs\/19\/wp-content\/uploads\/2019\/02\/kontakt-300x177.png 300w\" sizes=\"(max-width: 401px) 100vw, 401px\" \/><\/figure><div class=\"elementor-image-box-content\"><h3 class=\"elementor-image-box-title\">Kontakt PJ Perlez: Todorov Sava<\/h3><p class=\"elementor-image-box-description\">Tel. 063\/282906\nEmail:perlez@bcmtrade.rs<\/p><\/div><\/div>\t\t\t\t<\/div>\n\t\t\t\t<\/div>\n\t\t\t\t<div class=\"elementor-element elementor-element-537d93e elementor-position-left elementor-vertical-align-top elementor-widget elementor-widget-image-box\" data-id=\"537d93e\" data-element_type=\"widget\" data-widget_type=\"image-box.default\">\n\t\t\t\t<div class=\"elementor-widget-container\">\n\t\t\t\t\t<div class=\"elementor-image-box-wrapper\"><figure class=\"elementor-image-box-img\"><img decoding=\"async\" width=\"401\" height=\"237\" src=\"https:\/\/www.bcmtrade.rs\/19\/wp-content\/uploads\/2019\/02\/kontakt.png\" class=\"attachment-full size-full wp-image-728\" alt=\"\" srcset=\"https:\/\/www.bcmtrade.rs\/19\/wp-content\/uploads\/2019\/02\/kontakt.png 401w, https:\/\/www.bcmtrade.rs\/19\/wp-content\/uploads\/2019\/02\/kontakt-300x177.png 300w\" sizes=\"(max-width: 401px) 100vw, 401px\" \/><\/figure><div class=\"elementor-image-box-content\"><h3 class=\"elementor-image-box-title\">Kontakt PJ Farka\u017edin : Tokovi\u0107 Marija\u00a0<\/h3><p class=\"elementor-image-box-description\">Tel. 062\/8861926 Email:farkazdin@bcmtrade.rs\u00a0<\/p><\/div><\/div>\t\t\t\t<\/div>\n\t\t\t\t<\/div>\n\t\t\t\t<div class=\"elementor-element elementor-element-15513d6 elementor-position-left elementor-vertical-align-top elementor-widget elementor-widget-image-box\" data-id=\"15513d6\" data-element_type=\"widget\" data-widget_type=\"image-box.default\">\n\t\t\t\t<div class=\"elementor-widget-container\">\n\t\t\t\t\t<div class=\"elementor-image-box-wrapper\"><figure class=\"elementor-image-box-img\"><img decoding=\"async\" width=\"401\" height=\"237\" src=\"https:\/\/www.bcmtrade.rs\/19\/wp-content\/uploads\/2019\/02\/kontakt.png\" class=\"attachment-full size-full wp-image-728\" alt=\"\" srcset=\"https:\/\/www.bcmtrade.rs\/19\/wp-content\/uploads\/2019\/02\/kontakt.png 401w, https:\/\/www.bcmtrade.rs\/19\/wp-content\/uploads\/2019\/02\/kontakt-300x177.png 300w\" sizes=\"(max-width: 401px) 100vw, 401px\" \/><\/figure><div class=\"elementor-image-box-content\"><h3 class=\"elementor-image-box-title\">Kontakt PJ Baranda: Miroslav Ne\u0107akov<\/h3><p class=\"elementor-image-box-description\">Tel. 062\/8851920\nEmail:baranda@bcmtrade.rs<\/p><\/div><\/div>\t\t\t\t<\/div>\n\t\t\t\t<\/div>\n\t\t\t\t\t<\/div>\n\t\t<\/div>\n\t\t\t\t\t<\/div>\n\t\t<\/section>\n\t\t\t\t\t<\/div>\n\t\t<\/div>\n\t\t\t\t\t<\/div>\n\t\t<\/section>\n\t\t\t\t<section class=\"elementor-section elementor-top-section elementor-element elementor-element-a3b0da2 elementor-section-stretched elementor-section-boxed elementor-section-height-default elementor-section-height-default\" data-id=\"a3b0da2\" data-element_type=\"section\" data-settings=\"{&quot;stretch_section&quot;:&quot;section-stretched&quot;,&quot;background_background&quot;:&quot;classic&quot;}\">\n\t\t\t\t\t\t<div class=\"elementor-container elementor-column-gap-default\">\n\t\t\t\t\t<div class=\"elementor-column elementor-col-100 elementor-top-column elementor-element elementor-element-2f3000b\" data-id=\"2f3000b\" data-element_type=\"column\" data-settings=\"{&quot;background_background&quot;:&quot;classic&quot;}\">\n\t\t\t<div class=\"elementor-widget-wrap elementor-element-populated\">\n\t\t\t\t\t\t<section class=\"elementor-section elementor-inner-section elementor-element elementor-element-717d93f elementor-section-boxed elementor-section-height-default elementor-section-height-default\" data-id=\"717d93f\" data-element_type=\"section\">\n\t\t\t\t\t\t<div class=\"elementor-container elementor-column-gap-default\">\n\t\t\t\t\t<div class=\"elementor-column elementor-col-25 elementor-inner-column elementor-element elementor-element-5055541\" data-id=\"5055541\" data-element_type=\"column\" data-settings=\"{&quot;background_background&quot;:&quot;classic&quot;}\">\n\t\t\t<div class=\"elementor-widget-wrap elementor-element-populated\">\n\t\t\t\t\t\t<div class=\"elementor-element elementor-element-840ac34 elementor-position-top elementor-widget elementor-widget-image-box\" data-id=\"840ac34\" data-element_type=\"widget\" data-widget_type=\"image-box.default\">\n\t\t\t\t<div class=\"elementor-widget-container\">\n\t\t\t\t\t<div class=\"elementor-image-box-wrapper\"><figure class=\"elementor-image-box-img\"><a href=\"http:\/\/www.bcmtrade.rs\/19\/nasa-uverenja\/\" tabindex=\"-1\"><img decoding=\"async\" width=\"1000\" height=\"380\" src=\"https:\/\/www.bcmtrade.rs\/19\/wp-content\/uploads\/2019\/02\/96027_kukuruz-cena_ls-1-1000x380.jpg\" class=\"elementor-animation-pulse-grow attachment-column1-1\/3 size-column1-1\/3 wp-image-873\" alt=\"\" \/><\/a><\/figure><div class=\"elementor-image-box-content\"><h3 class=\"elementor-image-box-title\"><a href=\"http:\/\/www.bcmtrade.rs\/19\/nasa-uverenja\/\">OBLAST AGROEKONOMIJE<\/a><\/h3><p class=\"elementor-image-box-description\">Kompanija iz oblasti agroindustrije<\/p><\/div><\/div>\t\t\t\t<\/div>\n\t\t\t\t<\/div>\n\t\t\t\t\t<\/div>\n\t\t<\/div>\n\t\t\t\t<div class=\"elementor-column elementor-col-25 elementor-inner-column elementor-element elementor-element-7cb88f5\" data-id=\"7cb88f5\" data-element_type=\"column\" data-settings=\"{&quot;background_background&quot;:&quot;classic&quot;}\">\n\t\t\t<div class=\"elementor-widget-wrap elementor-element-populated\">\n\t\t\t\t\t\t<div class=\"elementor-element elementor-element-86b390f elementor-position-top elementor-widget elementor-widget-image-box\" data-id=\"86b390f\" data-element_type=\"widget\" data-widget_type=\"image-box.default\">\n\t\t\t\t<div class=\"elementor-widget-container\">\n\t\t\t\t\t<div class=\"elementor-image-box-wrapper\"><figure class=\"elementor-image-box-img\"><a href=\"http:\/\/www.bcmtrade.rs\/19\/otkup-poljoprivrednih-proizvoda\/\" tabindex=\"-1\"><img decoding=\"async\" src=\"https:\/\/www.bcmtrade.rs\/19\/wp-content\/uploads\/2019\/04\/otkup-380x152.jpg\" title=\"otkup\" alt=\"otkup\" class=\"elementor-animation-pulse-grow\" loading=\"lazy\" \/><\/a><\/figure><div class=\"elementor-image-box-content\"><h3 class=\"elementor-image-box-title\"><a href=\"http:\/\/www.bcmtrade.rs\/19\/otkup-poljoprivrednih-proizvoda\/\">OTKUP<\/a><\/h3><p class=\"elementor-image-box-description\">Otkup \u017eitarica i uljarica, p\u0161enica, kukuruz,suncokret,soja i uljana repica.<\/p><\/div><\/div>\t\t\t\t<\/div>\n\t\t\t\t<\/div>\n\t\t\t\t\t<\/div>\n\t\t<\/div>\n\t\t\t\t<div class=\"elementor-column elementor-col-25 elementor-inner-column elementor-element elementor-element-df5fa04\" data-id=\"df5fa04\" data-element_type=\"column\" data-settings=\"{&quot;background_background&quot;:&quot;classic&quot;}\">\n\t\t\t<div class=\"elementor-widget-wrap elementor-element-populated\">\n\t\t\t\t\t\t<div class=\"elementor-element elementor-element-b9fed7c elementor-position-top elementor-widget elementor-widget-image-box\" data-id=\"b9fed7c\" data-element_type=\"widget\" data-widget_type=\"image-box.default\">\n\t\t\t\t<div class=\"elementor-widget-container\">\n\t\t\t\t\t<div class=\"elementor-image-box-wrapper\"><figure class=\"elementor-image-box-img\"><a href=\"http:\/\/www.bcmtrade.rs\/19\/spoljna-trgovina\/\" tabindex=\"-1\"><img decoding=\"async\" src=\"https:\/\/www.bcmtrade.rs\/19\/wp-content\/uploads\/2019\/04\/vodni-transport-robe-380x152.jpg\" title=\"vodni-transport-robe\" alt=\"vodni-transport-robe\" class=\"elementor-animation-pulse-grow\" loading=\"lazy\" \/><\/a><\/figure><div class=\"elementor-image-box-content\"><h3 class=\"elementor-image-box-title\"><a href=\"http:\/\/www.bcmtrade.rs\/19\/spoljna-trgovina\/\">SPOLJNA TRGOVINA<\/a><\/h3><p class=\"elementor-image-box-description\">Najve\u0107i obim trgovine ostvarujemo sa zemljama: Gr\u010dka, Makedonija, Albanija, BIH,..<\/p><\/div><\/div>\t\t\t\t<\/div>\n\t\t\t\t<\/div>\n\t\t\t\t\t<\/div>\n\t\t<\/div>\n\t\t\t\t<div class=\"elementor-column elementor-col-25 elementor-inner-column elementor-element elementor-element-50a7ea6\" data-id=\"50a7ea6\" data-element_type=\"column\" data-settings=\"{&quot;background_background&quot;:&quot;classic&quot;}\">\n\t\t\t<div class=\"elementor-widget-wrap elementor-element-populated\">\n\t\t\t\t\t\t<div class=\"elementor-element elementor-element-c6f9145 elementor-position-top elementor-widget elementor-widget-image-box\" data-id=\"c6f9145\" data-element_type=\"widget\" data-widget_type=\"image-box.default\">\n\t\t\t\t<div class=\"elementor-widget-container\">\n\t\t\t\t\t<div class=\"elementor-image-box-wrapper\"><figure class=\"elementor-image-box-img\"><a href=\"http:\/\/www.bcmtrade.rs\/19\/skladistenje-i-logistika\/\" tabindex=\"-1\"><img decoding=\"async\" src=\"https:\/\/www.bcmtrade.rs\/19\/wp-content\/uploads\/2019\/02\/silosi-1-380x152.jpg\" title=\"silosi\" alt=\"silosi\" class=\"elementor-animation-pulse-grow\" loading=\"lazy\" \/><\/a><\/figure><div class=\"elementor-image-box-content\"><h3 class=\"elementor-image-box-title\"><a href=\"http:\/\/www.bcmtrade.rs\/19\/skladistenje-i-logistika\/\">SKLADI\u0160TENJE I LOGISTIKA<\/a><\/h3><p class=\"elementor-image-box-description\">IDVOR - PERLEZ<\/p><\/div><\/div>\t\t\t\t<\/div>\n\t\t\t\t<\/div>\n\t\t\t\t\t<\/div>\n\t\t<\/div>\n\t\t\t\t\t<\/div>\n\t\t<\/section>\n\t\t\t\t\t<\/div>\n\t\t<\/div>\n\t\t\t\t\t<\/div>\n\t\t<\/section>\n\t\t\t\t<\/div>\n\t\t","protected":false},"excerpt":{"rendered":"<p>\u00a0 BCM TRADE vr\u0161i nabavku mineralnih \u0111ubriva i semena i njihovu dalju distribuciju na doma\u0107em tr\u017ei\u0161tu. BCM TRADE u svojim silosima i magacinima obezbe\u0111uje uslu\u017eno skladi\u0161tenje, su\u0161enje poljoprivrednih proizvoda i otkup po tr\u017ei\u0161nim cenama. Sigurnim plasmanom proizvoda BCM\u00a0TRADE razvija kooperantske odnose sa poljoprivrednim proizvo\u0111a\u010dima.\u00a0Svojim kooperantima obezbe\u0111uje sav repromaterijal neophodan za\u00a0poljoprivrednu proizvodnju. Centrala: Vlada Lukovi\u0107 Tel.<\/p>\n<p class=\"more-link\"><a href=\"https:\/\/www.bcmtrade.rs\/19\/kooperacija\/\" class=\"themebutton2\">Read More<\/a><\/p>\n","protected":false},"author":1,"featured_media":0,"parent":0,"menu_order":0,"comment_status":"closed","ping_status":"closed","template":"","meta":{"footnotes":""},"class_list":["post-856","page","type-page","status-publish","hentry"],"_links":{"self":[{"href":"https:\/\/www.bcmtrade.rs\/19\/wp-json\/wp\/v2\/pages\/856"}],"collection":[{"href":"https:\/\/www.bcmtrade.rs\/19\/wp-json\/wp\/v2\/pages"}],"about":[{"href":"https:\/\/www.bcmtrade.rs\/19\/wp-json\/wp\/v2\/types\/page"}],"author":[{"embeddable":true,"href":"https:\/\/www.bcmtrade.rs\/19\/wp-json\/wp\/v2\/users\/1"}],"replies":[{"embeddable":true,"href":"https:\/\/www.bcmtrade.rs\/19\/wp-json\/wp\/v2\/comments?post=856"}],"version-history":[{"count":114,"href":"https:\/\/www.bcmtrade.rs\/19\/wp-json\/wp\/v2\/pages\/856\/revisions"}],"predecessor-version":[{"id":2863,"href":"https:\/\/www.bcmtrade.rs\/19\/wp-json\/wp\/v2\/pages\/856\/revisions\/2863"}],"wp:attachment":[{"href":"https:\/\/www.bcmtrade.rs\/19\/wp-json\/wp\/v2\/media?parent=856"}],"curies":[{"name":"wp","href":"https:\/\/api.w.org\/{rel}","templated":true}]}}