{"id":862,"date":"2019-02-12T18:47:36","date_gmt":"2019-02-12T17:47:36","guid":{"rendered":"https:\/\/bcm.of.rs\/wp49\/?page_id=862"},"modified":"2026-04-24T14:30:09","modified_gmt":"2026-04-24T13:30:09","slug":"otkup-poljoprivrednih-proizvoda","status":"publish","type":"page","link":"https:\/\/www.bcmtrade.rs\/19\/otkup-poljoprivrednih-proizvoda\/","title":{"rendered":"Otkup poljoprivrednih proizvoda"},"content":{"rendered":"\t\t<div data-elementor-type=\"wp-post\" data-elementor-id=\"862\" class=\"elementor elementor-862\">\n\t\t\t\t\t\t<section class=\"elementor-section elementor-top-section elementor-element elementor-element-1109584 elementor-section-stretched elementor-section-boxed elementor-section-height-default elementor-section-height-default\" data-id=\"1109584\" data-element_type=\"section\" data-e-type=\"section\" data-settings=\"{&quot;stretch_section&quot;:&quot;section-stretched&quot;,&quot;background_background&quot;:&quot;classic&quot;}\">\n\t\t\t\t\t\t<div class=\"elementor-container elementor-column-gap-default\">\n\t\t\t\t\t<div class=\"elementor-column elementor-col-50 elementor-top-column elementor-element elementor-element-1ebb320\" data-id=\"1ebb320\" data-element_type=\"column\" data-e-type=\"column\" data-settings=\"{&quot;background_background&quot;:&quot;classic&quot;}\">\n\t\t\t<div class=\"elementor-widget-wrap elementor-element-populated\">\n\t\t\t\t\t\t<div class=\"elementor-element elementor-element-6bc204c elementor-widget elementor-widget-heading\" data-id=\"6bc204c\" data-element_type=\"widget\" data-e-type=\"widget\" data-widget_type=\"heading.default\">\n\t\t\t\t<div class=\"elementor-widget-container\">\n\t\t\t\t\t<h2 class=\"elementor-heading-title elementor-size-default\">OTKUP<\/h2>\t\t\t\t<\/div>\n\t\t\t\t<\/div>\n\t\t\t\t<div class=\"elementor-element elementor-element-7198132 elementor-widget elementor-widget-text-editor\" data-id=\"7198132\" data-element_type=\"widget\" data-e-type=\"widget\" data-widget_type=\"text-editor.default\">\n\t\t\t\t<div class=\"elementor-widget-container\">\n\t\t\t\t\t\t\t\t\t<h3><span style=\"color: #000000;\">BCM TRADE tokom godina vr\u0161i otkup \u017eitarica i uljarica u svojim silosima\u00a0i magacinama. Danas BCM Trade kao pouzdan partner uspe\u0161no sara\u0111uje sa\u00a0vi\u0161e od 1.000 poljoprivrednika, kooperanata i drugih kompanija.<br \/><\/span><\/h3>\t\t\t\t\t\t\t\t<\/div>\n\t\t\t\t<\/div>\n\t\t\t\t<div class=\"elementor-element elementor-element-e1ebcfa elementor-widget elementor-widget-text-editor\" data-id=\"e1ebcfa\" data-element_type=\"widget\" data-e-type=\"widget\" data-widget_type=\"text-editor.default\">\n\t\t\t\t<div class=\"elementor-widget-container\">\n\t\t\t\t\t\t\t\t\t<h3>Otkupna mesta:<br \/>BCM &#8211; <a href=\"http:\/\/www.bcmtrade.rs\/19\/skladistenje-i-logistika\/idvor\/\">Idvor<\/a> \u2013 Mihajla Pupina bb, Kova\u010dica.<br \/>BCM &#8211; <a href=\"http:\/\/www.bcmtrade.rs\/19\/skladistenje-i-logistika\/perlez\/\">Perlez<\/a> &#8211; Beogradska bb, Zrenjanin.<br \/>BCM- <a href=\"http:\/\/www.bcmtrade.rs\/19\/skladistenje-i-logistika\/http-www-bcmtrade-rs-19-skladistenje-i-logistika-farkazdin\/\">Farka\u017edin<\/a> &#8211; Toze Markovi\u0107a 55, Zrenjanin.\u00a0 \u00a0 \u00a0 \u00a0 \u00a0 \u00a0 \u00a0 \u00a0 \u00a0 \u00a0 \u00a0 \u00a0 \u00a0 \u00a0 \u00a0 \u00a0 \u00a0 \u00a0 \u00a0 \u00a0 \u00a0 \u00a0 \u00a0 \u00a0 \u00a0 OZZ \u0160ajka\u0161ka, \u0110or\u0111a Be\u0161lina 7,Titel, Mo\u0161orin, Vilovo, Gardinovci, Lok.<\/h3>\t\t\t\t\t\t\t\t<\/div>\n\t\t\t\t<\/div>\n\t\t\t\t<div class=\"elementor-element elementor-element-059a6f9 elementor-widget elementor-widget-spacer\" data-id=\"059a6f9\" data-element_type=\"widget\" data-e-type=\"widget\" data-widget_type=\"spacer.default\">\n\t\t\t\t<div class=\"elementor-widget-container\">\n\t\t\t\t\t\t\t<div class=\"elementor-spacer\">\n\t\t\t<div class=\"elementor-spacer-inner\"><\/div>\n\t\t<\/div>\n\t\t\t\t\t\t<\/div>\n\t\t\t\t<\/div>\n\t\t\t\t<div class=\"elementor-element elementor-element-0a88547 elementor-widget elementor-widget-text-editor\" data-id=\"0a88547\" data-element_type=\"widget\" data-e-type=\"widget\" data-widget_type=\"text-editor.default\">\n\t\t\t\t<div class=\"elementor-widget-container\">\n\t\t\t\t\t\t\t\t\t<h3>\u00a0<\/h3><p><img fetchpriority=\"high\" decoding=\"async\" class=\"wp-image-1574 size-column3-2\/5 aligncenter\" src=\"http:\/\/www.bcmtrade.rs\/19\/wp-content\/uploads\/2019\/04\/otkup-380x152.jpg\" alt=\"\" width=\"380\" height=\"152\" \/><\/p>\t\t\t\t\t\t\t\t<\/div>\n\t\t\t\t<\/div>\n\t\t\t\t\t<\/div>\n\t\t<\/div>\n\t\t\t\t<div class=\"elementor-column elementor-col-50 elementor-top-column elementor-element elementor-element-1640c6a\" data-id=\"1640c6a\" data-element_type=\"column\" data-e-type=\"column\" data-settings=\"{&quot;background_background&quot;:&quot;classic&quot;}\">\n\t\t\t<div class=\"elementor-widget-wrap elementor-element-populated\">\n\t\t\t\t\t\t<div class=\"elementor-element elementor-element-52c63e8 elementor-position-left elementor-widget__width-initial elementor-vertical-align-top elementor-widget elementor-widget-image-box\" data-id=\"52c63e8\" data-element_type=\"widget\" data-e-type=\"widget\" data-widget_type=\"image-box.default\">\n\t\t\t\t<div class=\"elementor-widget-container\">\n\t\t\t\t\t<div class=\"elementor-image-box-wrapper\"><figure class=\"elementor-image-box-img\"><img decoding=\"async\" width=\"401\" height=\"237\" src=\"https:\/\/www.bcmtrade.rs\/19\/wp-content\/uploads\/2019\/02\/kontakt.png\" class=\"attachment-full size-full wp-image-728\" alt=\"\" srcset=\"https:\/\/www.bcmtrade.rs\/19\/wp-content\/uploads\/2019\/02\/kontakt.png 401w, https:\/\/www.bcmtrade.rs\/19\/wp-content\/uploads\/2019\/02\/kontakt-300x177.png 300w\" sizes=\"(max-width: 401px) 100vw, 401px\" \/><\/figure><div class=\"elementor-image-box-content\"><h3 class=\"elementor-image-box-title\">Kontakt PJ Idvor: Popovi\u0107 Nikola<\/h3><p class=\"elementor-image-box-description\">Tel. 062\/8861926\nEmail:idvor@bcmtrade.rs<\/p><\/div><\/div>\t\t\t\t<\/div>\n\t\t\t\t<\/div>\n\t\t\t\t<div class=\"elementor-element elementor-element-f269811 elementor-position-left elementor-vertical-align-top elementor-widget elementor-widget-image-box\" data-id=\"f269811\" data-element_type=\"widget\" data-e-type=\"widget\" data-widget_type=\"image-box.default\">\n\t\t\t\t<div class=\"elementor-widget-container\">\n\t\t\t\t\t<div class=\"elementor-image-box-wrapper\"><figure class=\"elementor-image-box-img\"><img decoding=\"async\" width=\"401\" height=\"237\" src=\"https:\/\/www.bcmtrade.rs\/19\/wp-content\/uploads\/2019\/02\/kontakt.png\" class=\"attachment-full size-full wp-image-728\" alt=\"\" srcset=\"https:\/\/www.bcmtrade.rs\/19\/wp-content\/uploads\/2019\/02\/kontakt.png 401w, https:\/\/www.bcmtrade.rs\/19\/wp-content\/uploads\/2019\/02\/kontakt-300x177.png 300w\" sizes=\"(max-width: 401px) 100vw, 401px\" \/><\/figure><div class=\"elementor-image-box-content\"><h3 class=\"elementor-image-box-title\">Kontakt PJ Perlez: Todorov Sava<\/h3><p class=\"elementor-image-box-description\">Tel. 063\/282906\nEmail:perlez@bcmtrade.rs<\/p><\/div><\/div>\t\t\t\t<\/div>\n\t\t\t\t<\/div>\n\t\t\t\t<div class=\"elementor-element elementor-element-77a8a1c elementor-position-left elementor-vertical-align-top elementor-widget elementor-widget-image-box\" data-id=\"77a8a1c\" data-element_type=\"widget\" data-e-type=\"widget\" data-widget_type=\"image-box.default\">\n\t\t\t\t<div class=\"elementor-widget-container\">\n\t\t\t\t\t<div class=\"elementor-image-box-wrapper\"><figure class=\"elementor-image-box-img\"><img decoding=\"async\" width=\"401\" height=\"237\" src=\"https:\/\/www.bcmtrade.rs\/19\/wp-content\/uploads\/2019\/02\/kontakt.png\" class=\"attachment-full size-full wp-image-728\" alt=\"\" srcset=\"https:\/\/www.bcmtrade.rs\/19\/wp-content\/uploads\/2019\/02\/kontakt.png 401w, https:\/\/www.bcmtrade.rs\/19\/wp-content\/uploads\/2019\/02\/kontakt-300x177.png 300w\" sizes=\"(max-width: 401px) 100vw, 401px\" \/><\/figure><div class=\"elementor-image-box-content\"><h3 class=\"elementor-image-box-title\">Kontakt PJ  Farka\u017edin : Tokovi\u0107 Marija\u00a0<\/h3><p class=\"elementor-image-box-description\">Tel. 062\/8861926 Email: farkazdin@bcmtrade.rs\u00a0<\/p><\/div><\/div>\t\t\t\t<\/div>\n\t\t\t\t<\/div>\n\t\t\t\t<div class=\"elementor-element elementor-element-d0450f8 elementor-position-left elementor-vertical-align-top elementor-widget elementor-widget-image-box\" data-id=\"d0450f8\" data-element_type=\"widget\" data-e-type=\"widget\" data-widget_type=\"image-box.default\">\n\t\t\t\t<div class=\"elementor-widget-container\">\n\t\t\t\t\t<div class=\"elementor-image-box-wrapper\"><figure class=\"elementor-image-box-img\"><img decoding=\"async\" width=\"401\" height=\"237\" src=\"https:\/\/www.bcmtrade.rs\/19\/wp-content\/uploads\/2019\/02\/kontakt.png\" class=\"attachment-full size-full wp-image-728\" alt=\"\" srcset=\"https:\/\/www.bcmtrade.rs\/19\/wp-content\/uploads\/2019\/02\/kontakt.png 401w, https:\/\/www.bcmtrade.rs\/19\/wp-content\/uploads\/2019\/02\/kontakt-300x177.png 300w\" sizes=\"(max-width: 401px) 100vw, 401px\" \/><\/figure><div class=\"elementor-image-box-content\"><h2 class=\"elementor-image-box-title\">Kontakt \u0160ajka\u0161ka : Goran Smederevac<\/h2><p class=\"elementor-image-box-description\">OZZ \u0160ajka\u0161ka     Tel.063\/549384<\/p><\/div><\/div>\t\t\t\t<\/div>\n\t\t\t\t<\/div>\n\t\t\t\t<div class=\"elementor-element elementor-element-86402c2 elementor-position-left elementor-vertical-align-top elementor-widget elementor-widget-image-box\" data-id=\"86402c2\" data-element_type=\"widget\" data-e-type=\"widget\" data-widget_type=\"image-box.default\">\n\t\t\t\t<div class=\"elementor-widget-container\">\n\t\t\t\t\t<div class=\"elementor-image-box-wrapper\"><figure class=\"elementor-image-box-img\"><img decoding=\"async\" width=\"401\" height=\"237\" src=\"https:\/\/www.bcmtrade.rs\/19\/wp-content\/uploads\/2019\/02\/kontakt.png\" class=\"attachment-full size-full wp-image-728\" alt=\"\" srcset=\"https:\/\/www.bcmtrade.rs\/19\/wp-content\/uploads\/2019\/02\/kontakt.png 401w, https:\/\/www.bcmtrade.rs\/19\/wp-content\/uploads\/2019\/02\/kontakt-300x177.png 300w\" sizes=\"(max-width: 401px) 100vw, 401px\" \/><\/figure><div class=\"elementor-image-box-content\"><h3 class=\"elementor-image-box-title\">Kontakt PJ  Baranda : Miroslav Ne\u0107akov<\/h3><p class=\"elementor-image-box-description\">Tel. 062\/88561920Email: baranda@bcmtrade.rs\u00a0<\/p><\/div><\/div>\t\t\t\t<\/div>\n\t\t\t\t<\/div>\n\t\t\t\t\t<\/div>\n\t\t<\/div>\n\t\t\t\t\t<\/div>\n\t\t<\/section>\n\t\t\t\t<section class=\"elementor-section elementor-top-section elementor-element elementor-element-ed9221c elementor-section-stretched elementor-section-boxed elementor-section-height-default elementor-section-height-default\" data-id=\"ed9221c\" data-element_type=\"section\" data-e-type=\"section\" data-settings=\"{&quot;stretch_section&quot;:&quot;section-stretched&quot;,&quot;background_background&quot;:&quot;classic&quot;}\">\n\t\t\t\t\t\t<div class=\"elementor-container elementor-column-gap-default\">\n\t\t\t\t\t<div class=\"elementor-column elementor-col-33 elementor-top-column elementor-element elementor-element-8128aa7\" data-id=\"8128aa7\" data-element_type=\"column\" data-e-type=\"column\" data-settings=\"{&quot;background_background&quot;:&quot;classic&quot;}\">\n\t\t\t<div class=\"elementor-widget-wrap elementor-element-populated\">\n\t\t\t\t\t\t<div class=\"elementor-element elementor-element-9528ce4 elementor-widget elementor-widget-spacer\" data-id=\"9528ce4\" data-element_type=\"widget\" data-e-type=\"widget\" data-widget_type=\"spacer.default\">\n\t\t\t\t<div class=\"elementor-widget-container\">\n\t\t\t\t\t\t\t<div class=\"elementor-spacer\">\n\t\t\t<div class=\"elementor-spacer-inner\"><\/div>\n\t\t<\/div>\n\t\t\t\t\t\t<\/div>\n\t\t\t\t<\/div>\n\t\t\t\t\t<\/div>\n\t\t<\/div>\n\t\t\t\t<div class=\"elementor-column elementor-col-33 elementor-top-column elementor-element elementor-element-9cce050\" data-id=\"9cce050\" data-element_type=\"column\" data-e-type=\"column\" data-settings=\"{&quot;background_background&quot;:&quot;classic&quot;}\">\n\t\t\t<div class=\"elementor-widget-wrap elementor-element-populated\">\n\t\t\t\t\t\t\t<\/div>\n\t\t<\/div>\n\t\t\t\t<div class=\"elementor-column elementor-col-33 elementor-top-column elementor-element elementor-element-55dbc34\" data-id=\"55dbc34\" data-element_type=\"column\" data-e-type=\"column\" data-settings=\"{&quot;background_background&quot;:&quot;classic&quot;}\">\n\t\t\t<div class=\"elementor-widget-wrap elementor-element-populated\">\n\t\t\t\t\t\t\t<\/div>\n\t\t<\/div>\n\t\t\t\t\t<\/div>\n\t\t<\/section>\n\t\t\t\t<section class=\"elementor-section elementor-top-section elementor-element elementor-element-6411dd7 elementor-section-stretched elementor-section-boxed elementor-section-height-default elementor-section-height-default\" data-id=\"6411dd7\" data-element_type=\"section\" data-e-type=\"section\" data-settings=\"{&quot;stretch_section&quot;:&quot;section-stretched&quot;,&quot;background_background&quot;:&quot;classic&quot;}\">\n\t\t\t\t\t\t<div class=\"elementor-container elementor-column-gap-default\">\n\t\t\t\t\t<div class=\"elementor-column elementor-col-100 elementor-top-column elementor-element elementor-element-b0ed4b7\" data-id=\"b0ed4b7\" data-element_type=\"column\" data-e-type=\"column\" data-settings=\"{&quot;background_background&quot;:&quot;classic&quot;}\">\n\t\t\t<div class=\"elementor-widget-wrap elementor-element-populated\">\n\t\t\t\t\t\t<section class=\"elementor-section elementor-inner-section elementor-element elementor-element-0983f7b elementor-section-boxed elementor-section-height-default elementor-section-height-default\" data-id=\"0983f7b\" data-element_type=\"section\" data-e-type=\"section\">\n\t\t\t\t\t\t<div class=\"elementor-container elementor-column-gap-default\">\n\t\t\t\t\t<div class=\"elementor-column elementor-col-25 elementor-inner-column elementor-element elementor-element-459363f\" data-id=\"459363f\" data-element_type=\"column\" data-e-type=\"column\" data-settings=\"{&quot;background_background&quot;:&quot;classic&quot;}\">\n\t\t\t<div class=\"elementor-widget-wrap elementor-element-populated\">\n\t\t\t\t\t\t<div class=\"elementor-element elementor-element-29db00c elementor-position-top elementor-widget elementor-widget-image-box\" data-id=\"29db00c\" data-element_type=\"widget\" data-e-type=\"widget\" data-widget_type=\"image-box.default\">\n\t\t\t\t<div class=\"elementor-widget-container\">\n\t\t\t\t\t<div class=\"elementor-image-box-wrapper\"><figure class=\"elementor-image-box-img\"><a href=\"http:\/\/www.bcmtrade.rs\/19\/nasa-uverenja\/\" tabindex=\"-1\"><img decoding=\"async\" src=\"https:\/\/www.bcmtrade.rs\/19\/wp-content\/uploads\/2019\/02\/96027_kukuruz-cena_ls-1-380x152.jpg\" title=\"96027_kukuruz-cena_ls\" alt=\"96027_kukuruz-cena_ls\" class=\"elementor-animation-pulse-grow\" loading=\"lazy\" \/><\/a><\/figure><div class=\"elementor-image-box-content\"><h3 class=\"elementor-image-box-title\"><a href=\"http:\/\/www.bcmtrade.rs\/19\/nasa-uverenja\/\">OBLAST AGROEKONOMIJE<\/a><\/h3><p class=\"elementor-image-box-description\">Kompanija iz oblasti agroindustrije<\/p><\/div><\/div>\t\t\t\t<\/div>\n\t\t\t\t<\/div>\n\t\t\t\t\t<\/div>\n\t\t<\/div>\n\t\t\t\t<div class=\"elementor-column elementor-col-25 elementor-inner-column elementor-element elementor-element-e7cc831\" data-id=\"e7cc831\" data-element_type=\"column\" data-e-type=\"column\" data-settings=\"{&quot;background_background&quot;:&quot;classic&quot;}\">\n\t\t\t<div class=\"elementor-widget-wrap elementor-element-populated\">\n\t\t\t\t\t\t<div class=\"elementor-element elementor-element-16906bb elementor-position-top elementor-widget elementor-widget-image-box\" data-id=\"16906bb\" data-element_type=\"widget\" data-e-type=\"widget\" data-widget_type=\"image-box.default\">\n\t\t\t\t<div class=\"elementor-widget-container\">\n\t\t\t\t\t<div class=\"elementor-image-box-wrapper\"><figure class=\"elementor-image-box-img\"><a href=\"http:\/\/www.bcmtrade.rs\/19\/spoljna-trgovina\/\" tabindex=\"-1\"><img decoding=\"async\" src=\"https:\/\/www.bcmtrade.rs\/19\/wp-content\/uploads\/2019\/04\/vodni-transport-robe-380x152.jpg\" title=\"vodni-transport-robe\" alt=\"vodni-transport-robe\" class=\"elementor-animation-pulse-grow\" loading=\"lazy\" \/><\/a><\/figure><div class=\"elementor-image-box-content\"><h3 class=\"elementor-image-box-title\"><a href=\"http:\/\/www.bcmtrade.rs\/19\/spoljna-trgovina\/\">SPOLJNA TRGOVINA<\/a><\/h3><p class=\"elementor-image-box-description\">Najve\u0107i obim trgovine ostvarujemo sa zemljama: Gr\u010dka, Makedonija, Albanija, BIH,..<\/p><\/div><\/div>\t\t\t\t<\/div>\n\t\t\t\t<\/div>\n\t\t\t\t\t<\/div>\n\t\t<\/div>\n\t\t\t\t<div class=\"elementor-column elementor-col-25 elementor-inner-column elementor-element elementor-element-5bb8475\" data-id=\"5bb8475\" data-element_type=\"column\" data-e-type=\"column\" data-settings=\"{&quot;background_background&quot;:&quot;classic&quot;}\">\n\t\t\t<div class=\"elementor-widget-wrap elementor-element-populated\">\n\t\t\t\t\t\t<div class=\"elementor-element elementor-element-cd09c30 elementor-position-top elementor-widget elementor-widget-image-box\" data-id=\"cd09c30\" data-element_type=\"widget\" data-e-type=\"widget\" data-widget_type=\"image-box.default\">\n\t\t\t\t<div class=\"elementor-widget-container\">\n\t\t\t\t\t<div class=\"elementor-image-box-wrapper\"><figure class=\"elementor-image-box-img\"><a href=\"http:\/\/www.bcmtrade.rs\/19\/kooperacija\/\" tabindex=\"-1\"><img decoding=\"async\" src=\"https:\/\/www.bcmtrade.rs\/19\/wp-content\/uploads\/2019\/04\/sales-380x152.jpg\" title=\"sales\" alt=\"sales\" class=\"elementor-animation-pulse-grow\" loading=\"lazy\" \/><\/a><\/figure><div class=\"elementor-image-box-content\"><h3 class=\"elementor-image-box-title\"><a href=\"http:\/\/www.bcmtrade.rs\/19\/kooperacija\/\">KOOPERACIJA<\/a><\/h3><p class=\"elementor-image-box-description\">BCM TRADE organizuje i razvija kooperanstske odnose sa poljoprivrednim proizvo\u0111a\u010dima.<\/p><\/div><\/div>\t\t\t\t<\/div>\n\t\t\t\t<\/div>\n\t\t\t\t\t<\/div>\n\t\t<\/div>\n\t\t\t\t<div class=\"elementor-column elementor-col-25 elementor-inner-column elementor-element elementor-element-e37ee6e\" data-id=\"e37ee6e\" data-element_type=\"column\" data-e-type=\"column\" data-settings=\"{&quot;background_background&quot;:&quot;classic&quot;}\">\n\t\t\t<div class=\"elementor-widget-wrap elementor-element-populated\">\n\t\t\t\t\t\t<div class=\"elementor-element elementor-element-7e0d34a elementor-position-top elementor-widget elementor-widget-image-box\" data-id=\"7e0d34a\" data-element_type=\"widget\" data-e-type=\"widget\" data-widget_type=\"image-box.default\">\n\t\t\t\t<div class=\"elementor-widget-container\">\n\t\t\t\t\t<div class=\"elementor-image-box-wrapper\"><figure class=\"elementor-image-box-img\"><a href=\"http:\/\/www.bcmtrade.rs\/19\/skladistenje-i-logistika\/\" tabindex=\"-1\"><img decoding=\"async\" src=\"https:\/\/www.bcmtrade.rs\/19\/wp-content\/uploads\/2019\/02\/silosi-1-380x152.jpg\" title=\"silosi\" alt=\"silosi\" class=\"elementor-animation-pulse-grow\" loading=\"lazy\" \/><\/a><\/figure><div class=\"elementor-image-box-content\"><h3 class=\"elementor-image-box-title\"><a href=\"http:\/\/www.bcmtrade.rs\/19\/skladistenje-i-logistika\/\">SKLADI\u0160TENJE I LOGISTIKA<\/a><\/h3><p class=\"elementor-image-box-description\">IDVOR - PERLEZ<\/p><\/div><\/div>\t\t\t\t<\/div>\n\t\t\t\t<\/div>\n\t\t\t\t\t<\/div>\n\t\t<\/div>\n\t\t\t\t\t<\/div>\n\t\t<\/section>\n\t\t\t\t\t<\/div>\n\t\t<\/div>\n\t\t\t\t\t<\/div>\n\t\t<\/section>\n\t\t\t\t<\/div>\n\t\t","protected":false},"excerpt":{"rendered":"<p>OTKUP BCM TRADE tokom godina vr\u0161i otkup \u017eitarica i uljarica u svojim silosima\u00a0i magacinama. Danas BCM Trade kao pouzdan partner uspe\u0161no sara\u0111uje sa\u00a0vi\u0161e od 1.000 poljoprivrednika, kooperanata i drugih kompanija. Otkupna mesta:BCM &#8211; Idvor \u2013 Mihajla Pupina bb, Kova\u010dica.BCM &#8211; Perlez &#8211; Beogradska bb, Zrenjanin.BCM- Farka\u017edin &#8211; Toze Markovi\u0107a 55, Zrenjanin.\u00a0 \u00a0 \u00a0 \u00a0 \u00a0<\/p>\n<p class=\"more-link\"><a href=\"https:\/\/www.bcmtrade.rs\/19\/otkup-poljoprivrednih-proizvoda\/\" class=\"themebutton2\">Read More<\/a><\/p>\n","protected":false},"author":1,"featured_media":0,"parent":0,"menu_order":0,"comment_status":"closed","ping_status":"closed","template":"","meta":{"footnotes":""},"class_list":["post-862","page","type-page","status-publish","hentry"],"_links":{"self":[{"href":"https:\/\/www.bcmtrade.rs\/19\/wp-json\/wp\/v2\/pages\/862","targetHints":{"allow":["GET"]}}],"collection":[{"href":"https:\/\/www.bcmtrade.rs\/19\/wp-json\/wp\/v2\/pages"}],"about":[{"href":"https:\/\/www.bcmtrade.rs\/19\/wp-json\/wp\/v2\/types\/page"}],"author":[{"embeddable":true,"href":"https:\/\/www.bcmtrade.rs\/19\/wp-json\/wp\/v2\/users\/1"}],"replies":[{"embeddable":true,"href":"https:\/\/www.bcmtrade.rs\/19\/wp-json\/wp\/v2\/comments?post=862"}],"version-history":[{"count":122,"href":"https:\/\/www.bcmtrade.rs\/19\/wp-json\/wp\/v2\/pages\/862\/revisions"}],"predecessor-version":[{"id":3284,"href":"https:\/\/www.bcmtrade.rs\/19\/wp-json\/wp\/v2\/pages\/862\/revisions\/3284"}],"wp:attachment":[{"href":"https:\/\/www.bcmtrade.rs\/19\/wp-json\/wp\/v2\/media?parent=862"}],"curies":[{"name":"wp","href":"https:\/\/api.w.org\/{rel}","templated":true}]}}